{"id":1558,"date":"2020-10-15T15:42:56","date_gmt":"2020-10-15T15:42:56","guid":{"rendered":"http:\/\/art.estis.de\/?page_id=1558"},"modified":"2021-01-07T14:59:45","modified_gmt":"2021-01-07T14:59:45","slug":"pastor-bernd-nielsen-vogel-und-engel","status":"publish","type":"page","link":"http:\/\/art.estis.de\/de\/mediathek\/texte\/pastor-bernd-nielsen-vogel-und-engel\/","title":{"rendered":"Pastor Bernd Nielsen &#8211; V\u00f6gel und Engel"},"content":{"rendered":"\t\t<div data-elementor-type=\"wp-page\" data-elementor-id=\"1558\" class=\"elementor elementor-1558\">\n\t\t\t\t\t\t<div class=\"elementor-inner\">\n\t\t\t\t<div class=\"elementor-section-wrap\">\n\t\t\t\t\t\t\t\t\t<section class=\"elementor-section elementor-top-section elementor-element elementor-element-1457c962 elementor-section-boxed elementor-section-height-default elementor-section-height-default\" data-id=\"1457c962\" data-element_type=\"section\">\n\t\t\t\t\t\t<div class=\"elementor-container elementor-column-gap-default\">\n\t\t\t\t\t\t\t<div class=\"elementor-row\">\n\t\t\t\t\t<div class=\"elementor-column elementor-col-100 elementor-top-column elementor-element elementor-element-6af77227\" data-id=\"6af77227\" data-element_type=\"column\">\n\t\t\t<div class=\"elementor-column-wrap elementor-element-populated\">\n\t\t\t\t\t\t\t<div class=\"elementor-widget-wrap\">\n\t\t\t\t\t\t<div class=\"elementor-element elementor-element-b642bcd elementor-widget elementor-widget-spacer\" data-id=\"b642bcd\" data-element_type=\"widget\" data-widget_type=\"spacer.default\">\n\t\t\t\t<div class=\"elementor-widget-container\">\n\t\t\t\t\t<div class=\"elementor-spacer\">\n\t\t\t<div class=\"elementor-spacer-inner\"><\/div>\n\t\t<\/div>\n\t\t\t\t<\/div>\n\t\t\t\t<\/div>\n\t\t\t\t<div class=\"elementor-element elementor-element-17be22fd elementor-widget elementor-widget-heading\" data-id=\"17be22fd\" data-element_type=\"widget\" data-widget_type=\"heading.default\">\n\t\t\t\t<div class=\"elementor-widget-container\">\n\t\t\t<h4 class=\"elementor-heading-title elementor-size-default\">Pastor Bernd Nielsen<\/h4>\t\t<\/div>\n\t\t\t\t<\/div>\n\t\t\t\t<div class=\"elementor-element elementor-element-21f687a3 elementor-widget elementor-widget-heading\" data-id=\"21f687a3\" data-element_type=\"widget\" data-widget_type=\"heading.default\">\n\t\t\t\t<div class=\"elementor-widget-container\">\n\t\t\t<h1 class=\"elementor-heading-title elementor-size-default\">V\u00f6gel und Engel<\/h1>\t\t<\/div>\n\t\t\t\t<\/div>\n\t\t\t\t<div class=\"elementor-element elementor-element-3e985d07 elementor-widget elementor-widget-heading\" data-id=\"3e985d07\" data-element_type=\"widget\" data-widget_type=\"heading.default\">\n\t\t\t\t<div class=\"elementor-widget-container\">\n\t\t\t<h4 class=\"elementor-heading-title elementor-size-default\">Vortrag zur Ausstellung in St. Trinitatis, Altona\n16. September 2010\u200b<\/h4>\t\t<\/div>\n\t\t\t\t<\/div>\n\t\t\t\t<div class=\"elementor-element elementor-element-64ee4a5f elementor-widget elementor-widget-spacer\" data-id=\"64ee4a5f\" data-element_type=\"widget\" data-widget_type=\"spacer.default\">\n\t\t\t\t<div class=\"elementor-widget-container\">\n\t\t\t\t\t<div class=\"elementor-spacer\">\n\t\t\t<div class=\"elementor-spacer-inner\"><\/div>\n\t\t<\/div>\n\t\t\t\t<\/div>\n\t\t\t\t<\/div>\n\t\t\t\t\t\t<\/div>\n\t\t\t\t\t<\/div>\n\t\t<\/div>\n\t\t\t\t\t\t\t\t<\/div>\n\t\t\t\t\t<\/div>\n\t\t<\/section>\n\t\t\t\t<section class=\"elementor-section elementor-top-section elementor-element elementor-element-10810da8 elementor-section-boxed elementor-section-height-default elementor-section-height-default\" data-id=\"10810da8\" data-element_type=\"section\">\n\t\t\t\t\t\t<div class=\"elementor-container elementor-column-gap-default\">\n\t\t\t\t\t\t\t<div class=\"elementor-row\">\n\t\t\t\t\t<div class=\"elementor-column elementor-col-100 elementor-top-column elementor-element elementor-element-1ea4fce6\" data-id=\"1ea4fce6\" data-element_type=\"column\">\n\t\t\t<div class=\"elementor-column-wrap elementor-element-populated\">\n\t\t\t\t\t\t\t<div class=\"elementor-widget-wrap\">\n\t\t\t\t\t\t<div class=\"elementor-element elementor-element-574590df elementor-widget elementor-widget-text-editor\" data-id=\"574590df\" data-element_type=\"widget\" data-widget_type=\"text-editor.default\">\n\t\t\t\t<div class=\"elementor-widget-container\">\n\t\t\t\t\t\t\t\t<div class=\"elementor-text-editor elementor-clearfix\">\n\t\t\t\t<p><span style=\"font-size: 14px;\">Meine sehr verehrten Damen und Herren,<\/span><br><\/p><p>auch ich begr\u00fc\u00dfe Sie herzlich zu diesem besonderen Abend der\nEr\u00f6ffnung einer besonderen Ausstellung: &#8222;V\u00f6gel und Engel&#8220;\ndes K\u00fcnstlers und Malers Nikolai.<\/p><p>Es ist mir und der Hauptkirchengemeinde St. Trinitatis Altona eine\ngro\u00dfe Freude und eine gro\u00dfe Ehre, dass wir dieser wunderbaren\nBilderschau hier in dieser lichterf\u00fcllten und tags\u00fcber\nsonnendurchfluteten Kirche Raum und Zeit geben d\u00fcrfen. Und Licht ist\nein ganz besonderes Motiv dieser Malerei.&nbsp;Und besonders danken\nm\u00f6chte ich dem Verein \u201ePapageienfischland \u2013 Park, Land der guten\nNachbarn e.V.\u201c, allen voran Herrn und Frau Rossine, durch deren\nunerm\u00fcdlichen Einsatz f\u00fcr interkulturelle Begegnungen hier in\nAltona dieser Abend zustande kommen konnte.&nbsp;Die Ausstellung ist\nTeil und Auftakt ihres Projektes \u201eJ\u00fcdisches Viertel im Herzen\nAltonas\u201c, das sie zusammen mit Nikolai Estis dem Ged\u00e4chtnis der\nBewohner des j\u00fcdischen Viertels am Fischmarkt widmen und ebenso zu\nEhren der \u201eGerechten unter den V\u00f6lkern\u201c Deutschlands\nrealisieren.<\/p><p>Nikolai Estis ist ein K\u00fcnstler j\u00fcdischer Herkunft \u2013 und das\nQuartier rund um den Fischmarkt und die historische Mitte Altonas war\nlange Zeit vor der m\u00f6rderischen Herrschaft der Nazis auch j\u00fcdisch\ngepr\u00e4gt, von j\u00fcdischen Menschen bewohnt und von ihrem Leben und\nihrer Kultur erf\u00fcllt. So sind dieser Abend und diese Ausstellung\nsowie auch die am 23. September folgende Veranstaltung &#8222;J\u00fcdisches\nViertel im Herzen Altonas&#8220; auch Zeichen und Ereignisse der\nVers\u00f6hnung und der Wiedereinlebung j\u00fcdischer Kultur in Altona,\nEreignisse der Begegnung und des Dialogs. Solche Ereignisse sind so\nunendlich wichtig \u2013 nach wie vor in unserer Welt und in diesen\nTagen, in denen wir uns das uns\u00e4gliche Gerede \u00fcber ein &#8222;j\u00fcdisches\nGen&#8220; anh\u00f6ren m\u00fcssen, noch einmal auf besondere Weise.<\/p><p>Gestatten Sie mir einige Bemerkungen \u00fcber die Bilderschau selbst,\ngesprochen aus der Sicht eines kunstbeflissenen, den Kulturdialog\nsuchenden Theologen und Pastors:<\/p><p>&#8222;V\u00f6gel und Engel&#8220; ist der Titel dieser Ausstellung, und\nich habe gelernt, dass es sich bei einer solchen \u00dcberschrift \u00fcber\neinen Bildzyklus des Nikolai Estis&#8216; nicht einfach um eine\nThemenstellung handelt, sondern eher um ein anklingendes Motiv, das\ndann eine ganze Werksfolge aus sich heraussetzt. Ja, noch deutlicher:\n&#8222;Im Zyklus zeigt sich (erst) das Sujet&#8220;, sagt Nikolai\nEstis. Entscheidend ist dabei der emotionale und spirituelle\nZusammenhang der entstehenden, sich aus der Seele des K\u00fcnstlers\nerhebenden Bilder. &#8222;Im Zyklus zeigt sich (erst) das Sujet&#8220;\n\u2013 das erinnert an die Bemerkungen Ludwig Wittgensteins \u00fcber das\nMystische: &#8222;Wor\u00fcber man nicht reden kann, dar\u00fcber soll man\nschweigen. (\u2026) Es gibt allerdings Unaussprechliches: Dies zeigt\nsich, es ist das Mystische.&#8220; Das Mystische wird, nach dem\nVerschlie\u00dfen (\u03bc\u03cd\u03b5\u03b9\u03bd) der nach au\u00dfen sehenden Augen, mit dem\ninneren Sehen geschaut. &#8222;Man sieht nur mit dem Herzen\ngut.&#8220;&nbsp;<span lang=\"fr-FR\">(Antoine de Saint-Exup\u00e9ry)<\/span><\/p><p>Und es ist wirklich Bemerkenswertes, was uns hier vor die Augen,\ndas Herz und den Geist gestellt wurde; gro\u00dfe, ber\u00fchrende Malerei,\ndie wirklich mit malerischen Mitteln, den Mitteln der geformten, sich\nformenden Farbe entsteht. &#8222;Die auch den gro\u00dfen Gestus nicht\nscheut&#8220;, h\u00e4tte ich fast gesagt, und will mich korrigieren: Auch\ndie malerische Geste entsteht hier ohne ein Gewolltsein, sondern als\nEmanation, als Selbsthervorbringung der Seele.&nbsp;Welche Tiefe\nentsteht hier, sich zeigend, in den Prozessen, auf den Wegen, den\ninneren Wegen des Malens! Texturen von Farben legen sich\n\u00fcbereinander, vermitteln Tiefe, umschreiben, ber\u00fchren Raum, keinen\nbeliebigen, keinen physikalisch berechenbaren Raum, sondern innere\nR\u00e4ume, die zugleich kosmische R\u00e4ume sind und historische R\u00e4ume,\nVersammlungen geschichtlicher und pers\u00f6nlicher Erfahrungen \u2013\nErfahrungen aber, die nicht decodiert sein wollen, die vielleicht\nahnbar sind, aber das Bild will weiter voran, es lebt, es er\u00f6ffnet\nZuk\u00fcnftiges &#8230;<\/p><p>Nikolai Estis, wie ich ihn verstehe, erweckt seine Leinw\u00e4nde und\nMalgr\u00fcnde, nicht um Historisches, Materielles, Erfahrenes zu\n&#8222;illustrieren&#8220;, sondern um fein Gesp\u00fcrtes \u2013 das in\nseiner Tiefe &#8222;Leiden und Mitleiden&#8220; ist \u2013 zur Farbe zu\nbringen, um es mit &#8222;freier Hand&#8220; den Schauenden zu\n&#8222;\u00fcbergeben&#8220;, &#8222;den Menschen zur\u00fcckzugeben&#8220;.&nbsp;&#8222;Das\nKonkrete&#8220; sei zu vermeiden, sagt Nikolai Estis, daher die\nabstrakte Formung der Farbe, die zugleich &#8222;geistige\nSubstanzwerdung&#8220; (Jelena Schukowa) ist, entstehende, sich\nschaffende &#8222;Weltbilder&#8220; in ganz anderem, w\u00f6rtlichen Sinn:\nbildhafte Welten.<\/p><p>Und nicht auf Geld, Konjunktur und Popularit\u00e4t habe der Maler bei\nseinem Werk zu achten \u2013 selbstverst\u00e4ndlich nicht \u2013 sondern &#8222;aus\nder Gnade Gottes&#8220; entsteht gro\u00dfe Malerei. &#8222;Betend und\nscheu&#8220; traten die alten Ikonenmaler ihren Dienst an, widmeten\nsie sich ihrer Aufgabe, ein Abbild des Urbildes des G\u00f6ttlichen\nentstehen zu lassen. Immer wieder &#8222;lassen&#8220;, mit freier,\nleichter Hand das Bild entstehen lassen, es vor Augen f\u00fchren und vor\ndie Herzen, &#8222;nicht zu lehren sondern zu zeigen, dass es Licht\ngibt&#8220; und dass &#8222;inmitten des Chaos der Kosmos&#8220;, die\nOrdnung Gottes waltet, schon lange waltet \u2013 und ewig walten wird.<\/p><p>Daher, meine und sage ich, sind &#8222;V\u00f6gel und Engel&#8220; keine\nabwegigen Sujets f\u00fcr einen Welten malenden K\u00fcnstler wie Nikolai\nEstis \u2013 und auch diese, die V\u00f6gel und die Engel, erscheinen,\nemanieren, bilden sich hervor oder heraus aus den Texturen der\nerweckten Leinw\u00e4nde. Himmelsboten, Boten Gottes, Gestalten des\nLichts, die in all den sich bewegenden Farbr\u00e4umen \u2013 welche\nErfahrungen mit dieser Welt, der Seelen in dieser Welt und mit Gott\nerahnen lassen \u2013 erscheinen, Licht bringen.<\/p><p>&#8222;Erneure mich, o ewigs Licht&#8220; und: &#8222;in wieviel Not\nhat nicht der gn\u00e4dige Gott \u00fcber dir Fl\u00fcgel gebreitet&#8220;, hei\u00dft\nes in Liedern des Evangelischen Gesangbuches. Geborgenheit in einer\nWelt des Ausgeliefertseins, Licht in dunklen Zeiten, die\nTransformation von Leid in Trost und Hoffnung, von Chaos in eine\ntragende, sinnvolle Ordnung, am Ende von Tod in Leben: Das sind\nentscheidende Themen, Motive, Sujets des Glaubens, die in der Malerei\ndes Nikolai Estis&#8216; ahnbar, f\u00fchlbar, schaubar werden \u2013 letztlich in\nder Meditation \u00fcber die Bilder hinter dem Bild, \u00fcber das Erfahrbare\nin und hinter der Malerei.<\/p><p>Nikolai Estis &#8222;\u00fcbergibt seine Malerei den Menschen&#8220;, so\nformuliert er es, und gibt dabei weiter und zur\u00fcck an die Menschen,\nwas er selbst empf\u00e4ngt in der Tiefe und Weite seiner Seele. Ich\nglaube ihm das, ich nehme ihm das ab im Angesicht seiner Malerei,\ngro\u00dfe, ber\u00fchrende, bewegende Malerei, hier in diesem Hause\nGottes.&nbsp;Trostvoll ist diese Malerei, weil sie auf sehr ehrliche\nWeise, auf wahrhaft geschaute und gemalte Weise vom Licht Gottes und\nseinen Lichtbringern k\u00fcndet. Es tut uns gut, dies sehen und erleben\nzu d\u00fcrfen, besonders in diesen von Dunkelheit bedrohten Zeiten.<\/p><p>Danke, Nikolai Estis!!!<\/p>\t\t\t\t\t<\/div>\n\t\t\t\t\t\t<\/div>\n\t\t\t\t<\/div>\n\t\t\t\t\t\t<\/div>\n\t\t\t\t\t<\/div>\n\t\t<\/div>\n\t\t\t\t\t\t\t\t<\/div>\n\t\t\t\t\t<\/div>\n\t\t<\/section>\n\t\t\t\t<section class=\"elementor-section elementor-top-section elementor-element elementor-element-78fd0da9 elementor-section-boxed elementor-section-height-default elementor-section-height-default\" data-id=\"78fd0da9\" data-element_type=\"section\">\n\t\t\t\t\t\t<div class=\"elementor-container elementor-column-gap-default\">\n\t\t\t\t\t\t\t<div class=\"elementor-row\">\n\t\t\t\t\t<div class=\"elementor-column elementor-col-100 elementor-top-column elementor-element elementor-element-5150f641\" data-id=\"5150f641\" data-element_type=\"column\">\n\t\t\t<div class=\"elementor-column-wrap elementor-element-populated\">\n\t\t\t\t\t\t\t<div class=\"elementor-widget-wrap\">\n\t\t\t\t\t\t<div class=\"elementor-element elementor-element-12ba7cb1 elementor-widget elementor-widget-image\" data-id=\"12ba7cb1\" data-element_type=\"widget\" data-widget_type=\"image.default\">\n\t\t\t\t<div class=\"elementor-widget-container\">\n\t\t\t\t\t\t\t\t<div class=\"elementor-image\">\n\t\t\t\t\t\t\t\t\t\t\t\t<img decoding=\"async\" src=\"http:\/\/art.estis.de\/wp-content\/uploads\/elementor\/thumbs\/vogel_09_tempera_on_paper_60_90_2009-osdgfk7w4n6qm00or7jhjs2gbxnwdhq6qom2rop9fk.jpg\" title=\"Nikolai Estis, &#8222;Vogel Nr. 9 \/ Bird No. 9&#8220;, 2009, tempera on paper, 60 x 90 cm\" loading=\"lazy\" \/>\t\t\t\t\t\t\t\t\t\t\t\t\t\t<\/div>\n\t\t\t\t\t\t<\/div>\n\t\t\t\t<\/div>\n\t\t\t\t\t\t<\/div>\n\t\t\t\t\t<\/div>\n\t\t<\/div>\n\t\t\t\t\t\t\t\t<\/div>\n\t\t\t\t\t<\/div>\n\t\t<\/section>\n\t\t\t\t<section class=\"elementor-section elementor-top-section elementor-element elementor-element-36f51c2e elementor-section-boxed elementor-section-height-default elementor-section-height-default\" data-id=\"36f51c2e\" data-element_type=\"section\">\n\t\t\t\t\t\t<div class=\"elementor-container elementor-column-gap-default\">\n\t\t\t\t\t\t\t<div class=\"elementor-row\">\n\t\t\t\t\t<div class=\"elementor-column elementor-col-100 elementor-top-column elementor-element elementor-element-2cfb6f1\" data-id=\"2cfb6f1\" data-element_type=\"column\">\n\t\t\t<div class=\"elementor-column-wrap elementor-element-populated\">\n\t\t\t\t\t\t\t<div class=\"elementor-widget-wrap\">\n\t\t\t\t\t\t<div class=\"elementor-element elementor-element-6e536c71 elementor-widget elementor-widget-text-editor\" data-id=\"6e536c71\" data-element_type=\"widget\" data-widget_type=\"text-editor.default\">\n\t\t\t\t<div class=\"elementor-widget-container\">\n\t\t\t\t\t\t\t\t<div class=\"elementor-text-editor elementor-clearfix\">\n\t\t\t\t<p style=\"text-align: center;\">Nikolai Estis, <em>V\u00f6gel Nr. 9<\/em>, 2009, Tempera auf Papier, 60 x 90 cm<\/p>\t\t\t\t\t<\/div>\n\t\t\t\t\t\t<\/div>\n\t\t\t\t<\/div>\n\t\t\t\t\t\t<\/div>\n\t\t\t\t\t<\/div>\n\t\t<\/div>\n\t\t\t\t\t\t\t\t<\/div>\n\t\t\t\t\t<\/div>\n\t\t<\/section>\n\t\t\t\t<section class=\"elementor-section elementor-top-section elementor-element elementor-element-5eeb674f elementor-section-full_width elementor-section-height-default elementor-section-height-default\" data-id=\"5eeb674f\" data-element_type=\"section\" data-settings=\"{&quot;background_background&quot;:&quot;classic&quot;}\">\n\t\t\t\t\t\t<div class=\"elementor-container elementor-column-gap-default\">\n\t\t\t\t\t\t\t<div class=\"elementor-row\">\n\t\t\t\t\t<div class=\"elementor-column elementor-col-100 elementor-top-column elementor-element elementor-element-2de5714c\" data-id=\"2de5714c\" data-element_type=\"column\">\n\t\t\t<div class=\"elementor-column-wrap elementor-element-populated\">\n\t\t\t\t\t\t\t<div class=\"elementor-widget-wrap\">\n\t\t\t\t\t\t<div class=\"elementor-element elementor-element-36960c9f e-grid-align-tablet-center e-grid-align-mobile-center elementor-shape-rounded elementor-grid-0 e-grid-align-center elementor-widget elementor-widget-social-icons\" data-id=\"36960c9f\" data-element_type=\"widget\" data-settings=\"{&quot;_animation&quot;:&quot;none&quot;}\" data-widget_type=\"social-icons.default\">\n\t\t\t\t<div class=\"elementor-widget-container\">\n\t\t\t\t\t<div class=\"elementor-social-icons-wrapper elementor-grid\">\n\t\t\t\t\t\t\t<span class=\"elementor-grid-item\">\n\t\t\t\t\t<a class=\"elementor-icon elementor-social-icon elementor-social-icon-instagram elementor-animation-shrink elementor-repeater-item-70d7574\" target=\"_blank\">\n\t\t\t\t\t\t<span class=\"elementor-screen-only\">Instagram<\/span>\n\t\t\t\t\t\t<i class=\"fab fa-instagram\"><\/i>\t\t\t\t\t<\/a>\n\t\t\t\t<\/span>\n\t\t\t\t\t\t\t<span class=\"elementor-grid-item\">\n\t\t\t\t\t<a class=\"elementor-icon elementor-social-icon elementor-social-icon-facebook-f elementor-animation-shrink elementor-repeater-item-0e1a14e\" target=\"_blank\">\n\t\t\t\t\t\t<span class=\"elementor-screen-only\">Facebook-f<\/span>\n\t\t\t\t\t\t<i class=\"fab fa-facebook-f\"><\/i>\t\t\t\t\t<\/a>\n\t\t\t\t<\/span>\n\t\t\t\t\t\t\t<span class=\"elementor-grid-item\">\n\t\t\t\t\t<a class=\"elementor-icon elementor-social-icon elementor-social-icon-youtube elementor-animation-shrink elementor-repeater-item-db43a48\" href=\"https:\/\/www.youtube.com\/playlist?list=PLdTqVE1jP8uH6uaaRY1Z4ACYya_UCm3f0\" target=\"_blank\">\n\t\t\t\t\t\t<span class=\"elementor-screen-only\">Youtube<\/span>\n\t\t\t\t\t\t<i class=\"fab fa-youtube\"><\/i>\t\t\t\t\t<\/a>\n\t\t\t\t<\/span>\n\t\t\t\t\t<\/div>\n\t\t\t\t<\/div>\n\t\t\t\t<\/div>\n\t\t\t\t\t\t<\/div>\n\t\t\t\t\t<\/div>\n\t\t<\/div>\n\t\t\t\t\t\t\t\t<\/div>\n\t\t\t\t\t<\/div>\n\t\t<\/section>\n\t\t\t\t<section class=\"elementor-section elementor-top-section elementor-element elementor-element-70dbccc7 elementor-section-boxed elementor-section-height-default elementor-section-height-default\" data-id=\"70dbccc7\" data-element_type=\"section\">\n\t\t\t\t\t\t<div class=\"elementor-container elementor-column-gap-default\">\n\t\t\t\t\t\t\t<div class=\"elementor-row\">\n\t\t\t\t\t<div class=\"elementor-column elementor-col-100 elementor-top-column elementor-element elementor-element-b2a0647\" data-id=\"b2a0647\" data-element_type=\"column\">\n\t\t\t<div class=\"elementor-column-wrap elementor-element-populated\">\n\t\t\t\t\t\t\t<div class=\"elementor-widget-wrap\">\n\t\t\t\t\t\t<div class=\"elementor-element elementor-element-5bfb7a09 elementor-widget elementor-widget-text-editor\" data-id=\"5bfb7a09\" data-element_type=\"widget\" data-widget_type=\"text-editor.default\">\n\t\t\t\t<div class=\"elementor-widget-container\">\n\t\t\t\t\t\t\t\t<div class=\"elementor-text-editor elementor-clearfix\">\n\t\t\t\t<p>\u00a9 2021 Studio Nikolai Estis<br \/><a href=\"http:\/\/art.estis.de\/impressum-datenschutz\/\">Impressum\u00a0&amp;\u00a0Datenschutz<\/a><\/p>\t\t\t\t\t<\/div>\n\t\t\t\t\t\t<\/div>\n\t\t\t\t<\/div>\n\t\t\t\t\t\t<\/div>\n\t\t\t\t\t<\/div>\n\t\t<\/div>\n\t\t\t\t\t\t\t\t<\/div>\n\t\t\t\t\t<\/div>\n\t\t<\/section>\n\t\t\t\t\t\t\t\t\t<\/div>\n\t\t\t<\/div>\n\t\t\t\t\t<\/div>\n\t\t","protected":false},"excerpt":{"rendered":"<p>Pastor Bernd Nielsen V\u00f6gel und Engel Vortrag zur Ausstellung in St. Trinitatis, Altona 16. September 2010\u200b Meine sehr verehrten Damen und Herren, auch ich begr\u00fc\u00dfe Sie herzlich zu diesem besonderen Abend der Er\u00f6ffnung einer besonderen Ausstellung: &#8222;V\u00f6gel und Engel&#8220; des K\u00fcnstlers und Malers Nikolai. Es ist mir und der Hauptkirchengemeinde St. Trinitatis Altona eine gro\u00dfe [&hellip;]<\/p>\n","protected":false},"author":1,"featured_media":0,"parent":21,"menu_order":0,"comment_status":"closed","ping_status":"closed","template":"","meta":[],"translation":{"provider":"WPGlobus","version":"2.12.0","language":"de","enabled_languages":["en","es","de","fr","ru"],"languages":{"en":{"title":true,"content":true,"excerpt":false},"es":{"title":false,"content":false,"excerpt":false},"de":{"title":false,"content":false,"excerpt":false},"fr":{"title":false,"content":false,"excerpt":false},"ru":{"title":false,"content":false,"excerpt":false}}},"_links":{"self":[{"href":"http:\/\/art.estis.de\/de\/wp-json\/wp\/v2\/pages\/1558"}],"collection":[{"href":"http:\/\/art.estis.de\/de\/wp-json\/wp\/v2\/pages"}],"about":[{"href":"http:\/\/art.estis.de\/de\/wp-json\/wp\/v2\/types\/page"}],"author":[{"embeddable":true,"href":"http:\/\/art.estis.de\/de\/wp-json\/wp\/v2\/users\/1"}],"replies":[{"embeddable":true,"href":"http:\/\/art.estis.de\/de\/wp-json\/wp\/v2\/comments?post=1558"}],"version-history":[{"count":9,"href":"http:\/\/art.estis.de\/de\/wp-json\/wp\/v2\/pages\/1558\/revisions"}],"predecessor-version":[{"id":2613,"href":"http:\/\/art.estis.de\/de\/wp-json\/wp\/v2\/pages\/1558\/revisions\/2613"}],"up":[{"embeddable":true,"href":"http:\/\/art.estis.de\/de\/wp-json\/wp\/v2\/pages\/21"}],"wp:attachment":[{"href":"http:\/\/art.estis.de\/de\/wp-json\/wp\/v2\/media?parent=1558"}],"curies":[{"name":"wp","href":"https:\/\/api.w.org\/{rel}","templated":true}]}}