{"id":1733,"date":"2020-12-29T15:35:50","date_gmt":"2020-12-29T15:35:50","guid":{"rendered":"http:\/\/art.estis.de\/?page_id=1733"},"modified":"2021-01-05T17:43:02","modified_gmt":"2021-01-05T17:43:02","slug":"press","status":"publish","type":"page","link":"http:\/\/art.estis.de\/de\/media-library\/press\/","title":{"rendered":"Press"},"content":{"rendered":"\t\t<div data-elementor-type=\"wp-page\" data-elementor-id=\"1733\" class=\"elementor elementor-1733\">\n\t\t\t\t\t\t<div class=\"elementor-inner\">\n\t\t\t\t<div class=\"elementor-section-wrap\">\n\t\t\t\t\t\t\t\t\t<section class=\"elementor-section elementor-top-section elementor-element elementor-element-34ca4626 elementor-section-boxed elementor-section-height-default elementor-section-height-default\" data-id=\"34ca4626\" data-element_type=\"section\">\n\t\t\t\t\t\t<div class=\"elementor-container elementor-column-gap-default\">\n\t\t\t\t\t\t\t<div class=\"elementor-row\">\n\t\t\t\t\t<div class=\"elementor-column elementor-col-33 elementor-top-column elementor-element elementor-element-17430ba2\" data-id=\"17430ba2\" data-element_type=\"column\">\n\t\t\t<div class=\"elementor-column-wrap\">\n\t\t\t\t\t\t\t<div class=\"elementor-widget-wrap\">\n\t\t\t\t\t\t\t\t<\/div>\n\t\t\t\t\t<\/div>\n\t\t<\/div>\n\t\t\t\t<div class=\"elementor-column elementor-col-33 elementor-top-column elementor-element elementor-element-67c6a285\" data-id=\"67c6a285\" data-element_type=\"column\">\n\t\t\t<div class=\"elementor-column-wrap elementor-element-populated\">\n\t\t\t\t\t\t\t<div class=\"elementor-widget-wrap\">\n\t\t\t\t\t\t<div class=\"elementor-element elementor-element-42f2ecff elementor-widget elementor-widget-spacer\" data-id=\"42f2ecff\" data-element_type=\"widget\" data-widget_type=\"spacer.default\">\n\t\t\t\t<div class=\"elementor-widget-container\">\n\t\t\t\t\t<div class=\"elementor-spacer\">\n\t\t\t<div class=\"elementor-spacer-inner\"><\/div>\n\t\t<\/div>\n\t\t\t\t<\/div>\n\t\t\t\t<\/div>\n\t\t\t\t<div class=\"elementor-element elementor-element-5bb66604 elementor-widget elementor-widget-heading\" data-id=\"5bb66604\" data-element_type=\"widget\" data-widget_type=\"heading.default\">\n\t\t\t\t<div class=\"elementor-widget-container\">\n\t\t\t<h1 class=\"elementor-heading-title elementor-size-default\">Selected Press Articles<\/h1>\t\t<\/div>\n\t\t\t\t<\/div>\n\t\t\t\t<div class=\"elementor-element elementor-element-362b44a1 elementor-widget elementor-widget-spacer\" data-id=\"362b44a1\" data-element_type=\"widget\" data-widget_type=\"spacer.default\">\n\t\t\t\t<div class=\"elementor-widget-container\">\n\t\t\t\t\t<div class=\"elementor-spacer\">\n\t\t\t<div class=\"elementor-spacer-inner\"><\/div>\n\t\t<\/div>\n\t\t\t\t<\/div>\n\t\t\t\t<\/div>\n\t\t\t\t\t\t<\/div>\n\t\t\t\t\t<\/div>\n\t\t<\/div>\n\t\t\t\t<div class=\"elementor-column elementor-col-33 elementor-top-column elementor-element elementor-element-64a6a850\" data-id=\"64a6a850\" data-element_type=\"column\">\n\t\t\t<div class=\"elementor-column-wrap\">\n\t\t\t\t\t\t\t<div class=\"elementor-widget-wrap\">\n\t\t\t\t\t\t\t\t<\/div>\n\t\t\t\t\t<\/div>\n\t\t<\/div>\n\t\t\t\t\t\t\t\t<\/div>\n\t\t\t\t\t<\/div>\n\t\t<\/section>\n\t\t\t\t<section class=\"elementor-section elementor-top-section elementor-element elementor-element-4e8a0f6c elementor-section-boxed elementor-section-height-default elementor-section-height-default\" data-id=\"4e8a0f6c\" data-element_type=\"section\">\n\t\t\t\t\t\t<div class=\"elementor-container elementor-column-gap-default\">\n\t\t\t\t\t\t\t<div class=\"elementor-row\">\n\t\t\t\t\t<div class=\"elementor-column elementor-col-100 elementor-top-column elementor-element elementor-element-75e04256\" data-id=\"75e04256\" data-element_type=\"column\">\n\t\t\t<div class=\"elementor-column-wrap elementor-element-populated\">\n\t\t\t\t\t\t\t<div class=\"elementor-widget-wrap\">\n\t\t\t\t\t\t<div class=\"elementor-element elementor-element-4da35417 elementor-widget elementor-widget-text-editor\" data-id=\"4da35417\" data-element_type=\"widget\" data-widget_type=\"text-editor.default\">\n\t\t\t\t<div class=\"elementor-widget-container\">\n\t\t\t\t\t\t\t\t<div class=\"elementor-text-editor elementor-clearfix\">\n\t\t\t\t<h3 style=\"text-align: center;\">2019<\/h3><p style=\"text-align: center;\"><a href=\"http:\/\/art.estis.de\/wp-content\/uploads\/2020\/07\/20190226-Hamburger-Abendblatt-Nikolai-Estis-\u2013-Seine-Heimat-ist-das-Atelier.pdf\">Hamburger Abendblatt, &#8222;Nikolai Estis &#8211; Seine Heimat ist das Atelier&#8220;, 26. Februar 2019<\/a> <strong><a href=\"https:\/\/www.abendblatt.de\/region\/pinneberg\/article216526519\/Nikolai-Estis-seine-Heimat-ist-das-Atelier.html\" target=\"_blank\" rel=\"noopener\">\u2197<\/a><\/strong><\/p><h3>\u00a0<\/h3><h3 style=\"text-align: center;\">2017<\/h3><p style=\"text-align: center;\"><a href=\"http:\/\/art.estis.de\/wp-content\/uploads\/2020\/07\/20170808-Pinneberger-Tageblatt-Das-Weltall-ist-sein-eigener-Kosmos.pdf\">Pinneberger Tageblatt, &#8222;Das Weltall ist sein eigener Kosmos&#8220;, 8. August 2017 <\/a><a href=\"https:\/\/www.shz.de\/lokales\/pinneberger-tageblatt\/der-kuenstler-nikolai-estis-spricht-ueber-praegende-jahre-in-rellingen-id17508856.html\" target=\"_blank\" rel=\"noopener\"><strong>\u2197<\/strong><\/a><\/p><p style=\"text-align: center;\"><a href=\"http:\/\/art.estis.de\/wp-content\/uploads\/2020\/07\/2017-DAVID-Zum-80.-Jubil\u00e4um-des-K\u00fcnstlers-Nikolai-Estis.pdf\">DAVID J\u00fcdische Kulturzeitschrift, &#8222;Zum 80. Jubil\u00e4um des K\u00fcnstlers Nikolai Estis&#8220;, Nr. 113, 2017<\/a>\u00a0<a href=\"https:\/\/davidkultur.at\/artikel\/zum-80-jubilaum-des-kanstlers-nikolai-estis\" target=\"_blank\" rel=\"noopener\"><strong>\u2197<\/strong><\/a><\/p><h3>\u00a0<\/h3><h3 style=\"text-align: center;\">2016<\/h3><p style=\"text-align: center;\"><a href=\"http:\/\/art.estis.de\/wp-content\/uploads\/2020\/07\/20160222-J\u00fcdische-Allgemeine-Mittler-zwischen-Gott-und-Mensch.pdf\">J\u00fcdische Allgemeine, &#8222;Mittler zwischen Gott und Mensch&#8220;, 22. Februar 2016<\/a>\u00a0<a href=\"https:\/\/www.juedische-allgemeine.de\/religion\/mittler-zwischen-gott-und-mensch\/?q=nikolai%20estis\" target=\"_blank\" rel=\"noopener\"><strong>\u2197<\/strong><\/a><\/p><p style=\"text-align: center;\"><a href=\"http:\/\/art.estis.de\/wp-content\/uploads\/2020\/07\/20160219-EJKA-Eindr\u00fccke-von-der-Vernissage-von-Nikolai-Estis.pdf\">Europ\u00e4ische Janusz Korczak-Akademie, &#8222;Eindr\u00fccke von der Vernissage von Nikolai Estis&#8220;, Februar 2016 <\/a><\/p>\t\t\t\t\t<\/div>\n\t\t\t\t\t\t<\/div>\n\t\t\t\t<\/div>\n\t\t\t\t\t\t<\/div>\n\t\t\t\t\t<\/div>\n\t\t<\/div>\n\t\t\t\t\t\t\t\t<\/div>\n\t\t\t\t\t<\/div>\n\t\t<\/section>\n\t\t\t\t<section class=\"elementor-section elementor-top-section elementor-element elementor-element-2f2a56d5 elementor-section-full_width elementor-section-height-default elementor-section-height-default\" data-id=\"2f2a56d5\" data-element_type=\"section\" data-settings=\"{&quot;background_background&quot;:&quot;classic&quot;}\">\n\t\t\t\t\t\t<div class=\"elementor-container elementor-column-gap-default\">\n\t\t\t\t\t\t\t<div class=\"elementor-row\">\n\t\t\t\t\t<div class=\"elementor-column elementor-col-100 elementor-top-column elementor-element elementor-element-5bf1b49c\" data-id=\"5bf1b49c\" data-element_type=\"column\">\n\t\t\t<div class=\"elementor-column-wrap elementor-element-populated\">\n\t\t\t\t\t\t\t<div class=\"elementor-widget-wrap\">\n\t\t\t\t\t\t<div class=\"elementor-element elementor-element-2ce6f65d e-grid-align-tablet-center e-grid-align-mobile-center elementor-shape-rounded elementor-grid-0 e-grid-align-center elementor-widget elementor-widget-social-icons\" data-id=\"2ce6f65d\" data-element_type=\"widget\" data-settings=\"{&quot;_animation&quot;:&quot;none&quot;}\" data-widget_type=\"social-icons.default\">\n\t\t\t\t<div class=\"elementor-widget-container\">\n\t\t\t\t\t<div class=\"elementor-social-icons-wrapper elementor-grid\">\n\t\t\t\t\t\t\t<span class=\"elementor-grid-item\">\n\t\t\t\t\t<a class=\"elementor-icon elementor-social-icon elementor-social-icon-instagram elementor-animation-shrink elementor-repeater-item-70d7574\" target=\"_blank\">\n\t\t\t\t\t\t<span class=\"elementor-screen-only\">Instagram<\/span>\n\t\t\t\t\t\t<i class=\"fab fa-instagram\"><\/i>\t\t\t\t\t<\/a>\n\t\t\t\t<\/span>\n\t\t\t\t\t\t\t<span class=\"elementor-grid-item\">\n\t\t\t\t\t<a class=\"elementor-icon elementor-social-icon elementor-social-icon-facebook-f elementor-animation-shrink elementor-repeater-item-0e1a14e\" target=\"_blank\">\n\t\t\t\t\t\t<span class=\"elementor-screen-only\">Facebook-f<\/span>\n\t\t\t\t\t\t<i class=\"fab fa-facebook-f\"><\/i>\t\t\t\t\t<\/a>\n\t\t\t\t<\/span>\n\t\t\t\t\t\t\t<span class=\"elementor-grid-item\">\n\t\t\t\t\t<a class=\"elementor-icon elementor-social-icon elementor-social-icon-youtube elementor-animation-shrink elementor-repeater-item-db43a48\" href=\"https:\/\/www.youtube.com\/playlist?list=PLdTqVE1jP8uH6uaaRY1Z4ACYya_UCm3f0\" target=\"_blank\">\n\t\t\t\t\t\t<span class=\"elementor-screen-only\">Youtube<\/span>\n\t\t\t\t\t\t<i class=\"fab fa-youtube\"><\/i>\t\t\t\t\t<\/a>\n\t\t\t\t<\/span>\n\t\t\t\t\t<\/div>\n\t\t\t\t<\/div>\n\t\t\t\t<\/div>\n\t\t\t\t\t\t<\/div>\n\t\t\t\t\t<\/div>\n\t\t<\/div>\n\t\t\t\t\t\t\t\t<\/div>\n\t\t\t\t\t<\/div>\n\t\t<\/section>\n\t\t\t\t<section class=\"elementor-section elementor-top-section elementor-element elementor-element-f2ce239 elementor-section-boxed elementor-section-height-default elementor-section-height-default\" data-id=\"f2ce239\" data-element_type=\"section\">\n\t\t\t\t\t\t<div class=\"elementor-container elementor-column-gap-default\">\n\t\t\t\t\t\t\t<div class=\"elementor-row\">\n\t\t\t\t\t<div class=\"elementor-column elementor-col-100 elementor-top-column elementor-element elementor-element-2bcf0547\" data-id=\"2bcf0547\" data-element_type=\"column\">\n\t\t\t<div class=\"elementor-column-wrap elementor-element-populated\">\n\t\t\t\t\t\t\t<div class=\"elementor-widget-wrap\">\n\t\t\t\t\t\t<div class=\"elementor-element elementor-element-39bb4ce4 elementor-widget elementor-widget-text-editor\" data-id=\"39bb4ce4\" data-element_type=\"widget\" data-widget_type=\"text-editor.default\">\n\t\t\t\t<div class=\"elementor-widget-container\">\n\t\t\t\t\t\t\t\t<div class=\"elementor-text-editor elementor-clearfix\">\n\t\t\t\t<p>\u00a9 2021 Studio Nikolai Estis<br \/><a href=\"http:\/\/art.estis.de\/impressum-datenschutz\/\">Impressum\u00a0&amp;\u00a0Datenschutz<\/a><\/p>\t\t\t\t\t<\/div>\n\t\t\t\t\t\t<\/div>\n\t\t\t\t<\/div>\n\t\t\t\t\t\t<\/div>\n\t\t\t\t\t<\/div>\n\t\t<\/div>\n\t\t\t\t\t\t\t\t<\/div>\n\t\t\t\t\t<\/div>\n\t\t<\/section>\n\t\t\t\t\t\t\t\t\t<\/div>\n\t\t\t<\/div>\n\t\t\t\t\t<\/div>\n\t\t","protected":false},"excerpt":{"rendered":"<p>Selected Press Articles 2019 Hamburger Abendblatt, &#8222;Nikolai Estis &#8211; Seine Heimat ist das Atelier&#8220;, 26. Februar 2019 \u2197 \u00a0 2017 Pinneberger Tageblatt, &#8222;Das Weltall ist sein eigener Kosmos&#8220;, 8. August 2017 \u2197 DAVID J\u00fcdische Kulturzeitschrift, &#8222;Zum 80. Jubil\u00e4um des K\u00fcnstlers Nikolai Estis&#8220;, Nr. 113, 2017\u00a0\u2197 \u00a0 2016 J\u00fcdische Allgemeine, &#8222;Mittler zwischen Gott und Mensch&#8220;, 22. [&hellip;]<\/p>\n","protected":false},"author":1,"featured_media":0,"parent":1634,"menu_order":0,"comment_status":"closed","ping_status":"closed","template":"","meta":[],"translation":{"provider":"WPGlobus","version":"2.12.0","language":"de","enabled_languages":["en","es","de","fr","ru"],"languages":{"en":{"title":true,"content":true,"excerpt":false},"es":{"title":false,"content":false,"excerpt":false},"de":{"title":false,"content":false,"excerpt":false},"fr":{"title":false,"content":false,"excerpt":false},"ru":{"title":false,"content":false,"excerpt":false}}},"_links":{"self":[{"href":"http:\/\/art.estis.de\/de\/wp-json\/wp\/v2\/pages\/1733"}],"collection":[{"href":"http:\/\/art.estis.de\/de\/wp-json\/wp\/v2\/pages"}],"about":[{"href":"http:\/\/art.estis.de\/de\/wp-json\/wp\/v2\/types\/page"}],"author":[{"embeddable":true,"href":"http:\/\/art.estis.de\/de\/wp-json\/wp\/v2\/users\/1"}],"replies":[{"embeddable":true,"href":"http:\/\/art.estis.de\/de\/wp-json\/wp\/v2\/comments?post=1733"}],"version-history":[{"count":6,"href":"http:\/\/art.estis.de\/de\/wp-json\/wp\/v2\/pages\/1733\/revisions"}],"predecessor-version":[{"id":2225,"href":"http:\/\/art.estis.de\/de\/wp-json\/wp\/v2\/pages\/1733\/revisions\/2225"}],"up":[{"embeddable":true,"href":"http:\/\/art.estis.de\/de\/wp-json\/wp\/v2\/pages\/1634"}],"wp:attachment":[{"href":"http:\/\/art.estis.de\/de\/wp-json\/wp\/v2\/media?parent=1733"}],"curies":[{"name":"wp","href":"https:\/\/api.w.org\/{rel}","templated":true}]}}