{"id":1484,"date":"2020-10-15T12:10:14","date_gmt":"2020-10-15T12:10:14","guid":{"rendered":"http:\/\/art.estis.de\/?page_id=1484"},"modified":"2021-01-07T15:01:23","modified_gmt":"2021-01-07T15:01:23","slug":"andrea-fromm-visions","status":"publish","type":"page","link":"http:\/\/art.estis.de\/es\/mediathek\/texte\/andrea-fromm-visions\/","title":{"rendered":"Andrea Fromm &#8211; Visions"},"content":{"rendered":"\t\t<div data-elementor-type=\"wp-page\" data-elementor-id=\"1484\" class=\"elementor elementor-1484\">\n\t\t\t\t\t\t<div class=\"elementor-inner\">\n\t\t\t\t<div class=\"elementor-section-wrap\">\n\t\t\t\t\t\t\t\t\t<section class=\"elementor-section elementor-top-section elementor-element elementor-element-6b2a3c7 elementor-section-boxed elementor-section-height-default elementor-section-height-default\" data-id=\"6b2a3c7\" data-element_type=\"section\">\n\t\t\t\t\t\t<div class=\"elementor-container elementor-column-gap-default\">\n\t\t\t\t\t\t\t<div class=\"elementor-row\">\n\t\t\t\t\t<div class=\"elementor-column elementor-col-100 elementor-top-column elementor-element elementor-element-536b4a67\" data-id=\"536b4a67\" data-element_type=\"column\">\n\t\t\t<div class=\"elementor-column-wrap elementor-element-populated\">\n\t\t\t\t\t\t\t<div class=\"elementor-widget-wrap\">\n\t\t\t\t\t\t<div class=\"elementor-element elementor-element-ad9a87c elementor-widget elementor-widget-spacer\" data-id=\"ad9a87c\" data-element_type=\"widget\" data-widget_type=\"spacer.default\">\n\t\t\t\t<div class=\"elementor-widget-container\">\n\t\t\t\t\t<div class=\"elementor-spacer\">\n\t\t\t<div class=\"elementor-spacer-inner\"><\/div>\n\t\t<\/div>\n\t\t\t\t<\/div>\n\t\t\t\t<\/div>\n\t\t\t\t<div class=\"elementor-element elementor-element-4155ed33 elementor-widget elementor-widget-heading\" data-id=\"4155ed33\" data-element_type=\"widget\" data-widget_type=\"heading.default\">\n\t\t\t\t<div class=\"elementor-widget-container\">\n\t\t\t<h4 class=\"elementor-heading-title elementor-size-default\">Andrea Fromm<\/h4>\t\t<\/div>\n\t\t\t\t<\/div>\n\t\t\t\t<div class=\"elementor-element elementor-element-58ac7cfb elementor-widget elementor-widget-heading\" data-id=\"58ac7cfb\" data-element_type=\"widget\" data-widget_type=\"heading.default\">\n\t\t\t\t<div class=\"elementor-widget-container\">\n\t\t\t<h4 class=\"elementor-heading-title elementor-size-default\">Kunstwissenschaftlerin<\/h4>\t\t<\/div>\n\t\t\t\t<\/div>\n\t\t\t\t<div class=\"elementor-element elementor-element-4e50ba elementor-widget elementor-widget-heading\" data-id=\"4e50ba\" data-element_type=\"widget\" data-widget_type=\"heading.default\">\n\t\t\t\t<div class=\"elementor-widget-container\">\n\t\t\t<h1 class=\"elementor-heading-title elementor-size-default\">Nikolai Estis - Visions<\/h1>\t\t<\/div>\n\t\t\t\t<\/div>\n\t\t\t\t<div class=\"elementor-element elementor-element-14064d2e elementor-widget elementor-widget-heading\" data-id=\"14064d2e\" data-element_type=\"widget\" data-widget_type=\"heading.default\">\n\t\t\t\t<div class=\"elementor-widget-container\">\n\t\t\t<h4 class=\"elementor-heading-title elementor-size-default\">Vortrag zur Ausstellung in der Galerie Room 21, Hamburg\n18. Januar 2002\u200b<\/h4>\t\t<\/div>\n\t\t\t\t<\/div>\n\t\t\t\t<div class=\"elementor-element elementor-element-26655cb7 elementor-widget elementor-widget-spacer\" data-id=\"26655cb7\" data-element_type=\"widget\" data-widget_type=\"spacer.default\">\n\t\t\t\t<div class=\"elementor-widget-container\">\n\t\t\t\t\t<div class=\"elementor-spacer\">\n\t\t\t<div class=\"elementor-spacer-inner\"><\/div>\n\t\t<\/div>\n\t\t\t\t<\/div>\n\t\t\t\t<\/div>\n\t\t\t\t\t\t<\/div>\n\t\t\t\t\t<\/div>\n\t\t<\/div>\n\t\t\t\t\t\t\t\t<\/div>\n\t\t\t\t\t<\/div>\n\t\t<\/section>\n\t\t\t\t<section class=\"elementor-section elementor-top-section elementor-element elementor-element-53a6013c elementor-section-boxed elementor-section-height-default elementor-section-height-default\" data-id=\"53a6013c\" data-element_type=\"section\">\n\t\t\t\t\t\t<div class=\"elementor-container elementor-column-gap-default\">\n\t\t\t\t\t\t\t<div class=\"elementor-row\">\n\t\t\t\t\t<div class=\"elementor-column elementor-col-100 elementor-top-column elementor-element elementor-element-7a367ad\" data-id=\"7a367ad\" data-element_type=\"column\">\n\t\t\t<div class=\"elementor-column-wrap elementor-element-populated\">\n\t\t\t\t\t\t\t<div class=\"elementor-widget-wrap\">\n\t\t\t\t\t\t<div class=\"elementor-element elementor-element-1057ece3 elementor-widget elementor-widget-text-editor\" data-id=\"1057ece3\" data-element_type=\"widget\" data-widget_type=\"text-editor.default\">\n\t\t\t\t<div class=\"elementor-widget-container\">\n\t\t\t\t\t\t\t\t<div class=\"elementor-text-editor elementor-clearfix\">\n\t\t\t\t<p><span style=\"font-size: 14px;\">Guten Abend,<\/span><br><\/p><p>ich freue mich, Euch zur Ausstellungser\u00f6ffnung \u00abVisions\u00bb\nvon Nikolai Estis begr\u00fc\u00dfen und diese Ausstellung gemeinsam mit\nNikolai Estis er\u00f6ffnen zu d\u00fcrfen, der noch eine ganz besondere\n\u00dcberraschung f\u00fcr diesen Abend f\u00fcr uns parat hat. Aber dazu sp\u00e4ter\nmehr.<\/p><p>Nikolai Estis pr\u00e4sentiert in dieser Ausstellung Werke der letzten\nJahre, aber auch \u00e4ltere Werke, von denen sich viele in seinem\nAtelier in Moskau befinden, wo er \u00fcbrigens im April 2002 auch eine\nAusstellung haben wird. Also, wenn Sie im April nichts Besseres zu\ntun haben, wird sich Nikolai Estis sehr freuen, Sie auch zur\nVernissage am 2. April 2002 in Moskau begr\u00fc\u00dfen zu d\u00fcrfen. Viele\nseiner Werke befinden sich jedoch auch in seinem Atelier in\nRellingen, wo er seit 1996 lebt und arbeitet. Hierzu sp\u00e4ter auch\nnoch mehr.<\/p><p>Seit 1970 besch\u00e4ftigen Nikolai Estis vorrangig vier Zyklen: Der\nZyklus \u00abV\u00f6gel\u00bb, der Zyklus \u00abEngel\u00bb, der Zyklus\n\u00abT\u00fcrme\u00bb und der Zyklus freier, abstrakter Kompositionen.\nDabei, so sehe ich es, ist der Zyklus \u00abV\u00f6gel\u00bb sein\nHauptthema, denn V\u00f6gel haben f\u00fcr Nikolai Estis besondere Bedeutung.\nW\u00e4hrend seiner Schaffenszeit in Russland wurde er deshalb immer\nwieder gefragt, ob die Darstellung von toten V\u00f6geln etwas \u00fcber\nseine politische Einstellung aussagen w\u00fcrde. Denn Estis passte sich\nin seinem Malstil nicht der russischen Kunstdoktrin an und malte im\nStil des Sozialistischen Realismus, sondern verarbeitete\ninternationale Tendenzen und Str\u00f6mungen der 50- und 60-er Jahre, des\nInformell und des Tachismus, die er mit einem eigenen Symbolismus\nverband.<\/p><p>Das Motiv \u00abVogel\u00bb hat f\u00fcr ihn keine politische\nBedeutung, sondern eher eine pers\u00f6nliche. Wie er mir erz\u00e4hlte,\nbegegnen ihm \u00fcberall V\u00f6gel. Sogar in seiner Decke im Atelier hat\nsich eine \u00d6ffnung aufgetan, durch die es dann und wann Federn\nrieselt. Das Symbol des Vogels ist f\u00fcr ihn insofern mit einer Art\nMystik besetzt, die es auch in der Geschichte der Kunst schon erfuhr.\nDa steht er einerseits als Symbol der Freiheit und des Friedens, aber\nauch f\u00fcr den Verlust der Unschuld. Andererseits steht der Rabe, der\nseinen festen Platz in der nordischen Mythologie hat, als \u00dcberbringer\nvon Nachrichten aus aller Welt. Im Glauben vieler Menschen, besonders\nin den M\u00e4rchen, wurde er als Ungl\u00fccks- oder Seelenvogel gesehen,\nals Bote des Todes oder sogar als Teufel selbst. Deshalb fiel er im\nMittelalter einer regelrechten Ausmerzung zum Opfer. Auf\nSchlachtfeldern oder am Galgen erscheint er oft als Angangstier, das\nhei\u00dft er steht f\u00fcr die Vorbedeutung oder den Ausgang der Situation.<\/p><p>Nikolai Estis malt nicht nur Raben, doch der Rabe nimmt einen\ngro\u00dfen Stellenwert ein \u2013 monumentale, tote oder verletzte Raben,\ndie von einer gro\u00dfen Menschenmenge bestaunt und betrachtet werden.\nHier sehe ich ihn als Symbol f\u00fcr eine Zeitenwende, f\u00fcr denn Sieg\n\u00fcber Destruktivit\u00e4t und dunkle Triebkr\u00e4fte im Menschen. Wir\nerkennen bei Nikolai Estis eine Verquickung einer pers\u00f6nlichen und\narchetypischen Symbolik, nicht zuletzt auch in seiner\nAuseinandersetzung mit biblischen Themen wie dem Turmbau zu Babel\noder in den Kathedralentw\u00fcrfen, die von der gro\u00dfen Zeit des\nChristentums erz\u00e4hlen und aus der Zeit entspringt als er sich mit\nalt-russischer Malerei besch\u00e4ftigte. Auch die vielen Kompositionen\nseines \u00abEngel\u00bb-Zyklus finden hier ihren Ausgangspunkt. Der\nEngel als Lichtgestalt und Personifikation des g\u00f6ttlichen\nOffenbarungswillens. So wie Gut und B\u00f6se, Engel und Rabe,\nPersonifizierung von inneren menschlichen Energien sind, von hellen\nund dunkeln Treibkr\u00e4fte, erz\u00e4hlen die Bilder von existentiellen\nSeinserfahrungen und inneren Visionen.<\/p><p>Um den Bildern noch einen Schritt n\u00e4her zu kommen, wird Nikolai\nEstis heute Abend eine Bilderschau machen, das hei\u00dft, er wird Bilder\npr\u00e4sentieren und diese mit Musik unterlegen. Wie Sie bin ich sehr\ngespannt. Dies war der eine Punkt, den ich anfangs erw\u00e4hnte. Der\nandere Punkt ist der, dass Nikolai Estis Einladungen f\u00fcr einen \u00abTag\nder offenen T\u00fcr im Atelier\u00bb ausgelegt hat, wo der heutige Abend\nsicher noch weiter vertieft werden kann.<\/p>\t\t\t\t\t<\/div>\n\t\t\t\t\t\t<\/div>\n\t\t\t\t<\/div>\n\t\t\t\t\t\t<\/div>\n\t\t\t\t\t<\/div>\n\t\t<\/div>\n\t\t\t\t\t\t\t\t<\/div>\n\t\t\t\t\t<\/div>\n\t\t<\/section>\n\t\t\t\t<section class=\"elementor-section elementor-top-section elementor-element elementor-element-57b29e12 elementor-section-boxed elementor-section-height-default elementor-section-height-default\" data-id=\"57b29e12\" data-element_type=\"section\">\n\t\t\t\t\t\t<div class=\"elementor-container elementor-column-gap-default\">\n\t\t\t\t\t\t\t<div class=\"elementor-row\">\n\t\t\t\t\t<div class=\"elementor-column elementor-col-100 elementor-top-column elementor-element elementor-element-24de664a\" data-id=\"24de664a\" data-element_type=\"column\">\n\t\t\t<div class=\"elementor-column-wrap elementor-element-populated\">\n\t\t\t\t\t\t\t<div class=\"elementor-widget-wrap\">\n\t\t\t\t\t\t<div class=\"elementor-element elementor-element-6d5285b2 elementor-widget elementor-widget-image\" data-id=\"6d5285b2\" data-element_type=\"widget\" data-widget_type=\"image.default\">\n\t\t\t\t<div class=\"elementor-widget-container\">\n\t\t\t\t\t\t\t\t<div class=\"elementor-image\">\n\t\t\t\t\t\t\t\t\t\t\t\t<img decoding=\"async\" src=\"http:\/\/art.estis.de\/wp-content\/uploads\/elementor\/thumbs\/vogel_01_tempera_on_paper_40_56_1980-osdgeimcj9r9pljauraes1k0kit7tlkx9iinkm90cg.jpg\" title=\"Nikolai Estis, \u00abVogel Nr. 1 \/ Bird No. 1\u00bb, 1980, tempera on paper, 40 x 56 cm\" loading=\"lazy\" \/>\t\t\t\t\t\t\t\t\t\t\t\t\t\t<\/div>\n\t\t\t\t\t\t<\/div>\n\t\t\t\t<\/div>\n\t\t\t\t\t\t<\/div>\n\t\t\t\t\t<\/div>\n\t\t<\/div>\n\t\t\t\t\t\t\t\t<\/div>\n\t\t\t\t\t<\/div>\n\t\t<\/section>\n\t\t\t\t<section class=\"elementor-section elementor-top-section elementor-element elementor-element-1302f329 elementor-section-boxed elementor-section-height-default elementor-section-height-default\" data-id=\"1302f329\" data-element_type=\"section\">\n\t\t\t\t\t\t<div class=\"elementor-container elementor-column-gap-default\">\n\t\t\t\t\t\t\t<div class=\"elementor-row\">\n\t\t\t\t\t<div class=\"elementor-column elementor-col-100 elementor-top-column elementor-element elementor-element-2d4b0fb6\" data-id=\"2d4b0fb6\" data-element_type=\"column\">\n\t\t\t<div class=\"elementor-column-wrap elementor-element-populated\">\n\t\t\t\t\t\t\t<div class=\"elementor-widget-wrap\">\n\t\t\t\t\t\t<div class=\"elementor-element elementor-element-15224ec elementor-widget elementor-widget-text-editor\" data-id=\"15224ec\" data-element_type=\"widget\" data-widget_type=\"text-editor.default\">\n\t\t\t\t<div class=\"elementor-widget-container\">\n\t\t\t\t\t\t\t\t<div class=\"elementor-text-editor elementor-clearfix\">\n\t\t\t\t<p style=\"text-align: center;\">Nikolai Estis, <em>Vogel<\/em><i>\u00a0Nr. 1<\/i>, 1980, Tempera auf Papier, 40 x 56 cm<\/p>\t\t\t\t\t<\/div>\n\t\t\t\t\t\t<\/div>\n\t\t\t\t<\/div>\n\t\t\t\t\t\t<\/div>\n\t\t\t\t\t<\/div>\n\t\t<\/div>\n\t\t\t\t\t\t\t\t<\/div>\n\t\t\t\t\t<\/div>\n\t\t<\/section>\n\t\t\t\t<section class=\"elementor-section elementor-top-section elementor-element elementor-element-14c0435b elementor-section-full_width elementor-section-height-default elementor-section-height-default\" data-id=\"14c0435b\" data-element_type=\"section\" data-settings=\"{&quot;background_background&quot;:&quot;classic&quot;}\">\n\t\t\t\t\t\t<div class=\"elementor-container elementor-column-gap-default\">\n\t\t\t\t\t\t\t<div class=\"elementor-row\">\n\t\t\t\t\t<div class=\"elementor-column elementor-col-100 elementor-top-column elementor-element elementor-element-389afdcd\" data-id=\"389afdcd\" data-element_type=\"column\">\n\t\t\t<div class=\"elementor-column-wrap elementor-element-populated\">\n\t\t\t\t\t\t\t<div class=\"elementor-widget-wrap\">\n\t\t\t\t\t\t<div class=\"elementor-element elementor-element-64bad1af e-grid-align-tablet-center e-grid-align-mobile-center elementor-shape-rounded elementor-grid-0 e-grid-align-center elementor-widget elementor-widget-social-icons\" data-id=\"64bad1af\" data-element_type=\"widget\" data-settings=\"{&quot;_animation&quot;:&quot;none&quot;}\" data-widget_type=\"social-icons.default\">\n\t\t\t\t<div class=\"elementor-widget-container\">\n\t\t\t\t\t<div class=\"elementor-social-icons-wrapper elementor-grid\">\n\t\t\t\t\t\t\t<span class=\"elementor-grid-item\">\n\t\t\t\t\t<a class=\"elementor-icon elementor-social-icon elementor-social-icon-instagram elementor-animation-shrink elementor-repeater-item-70d7574\" target=\"_blank\">\n\t\t\t\t\t\t<span class=\"elementor-screen-only\">Instagram<\/span>\n\t\t\t\t\t\t<i class=\"fab fa-instagram\"><\/i>\t\t\t\t\t<\/a>\n\t\t\t\t<\/span>\n\t\t\t\t\t\t\t<span class=\"elementor-grid-item\">\n\t\t\t\t\t<a class=\"elementor-icon elementor-social-icon elementor-social-icon-facebook-f elementor-animation-shrink elementor-repeater-item-0e1a14e\" target=\"_blank\">\n\t\t\t\t\t\t<span class=\"elementor-screen-only\">Facebook-f<\/span>\n\t\t\t\t\t\t<i class=\"fab fa-facebook-f\"><\/i>\t\t\t\t\t<\/a>\n\t\t\t\t<\/span>\n\t\t\t\t\t\t\t<span class=\"elementor-grid-item\">\n\t\t\t\t\t<a class=\"elementor-icon elementor-social-icon elementor-social-icon-youtube elementor-animation-shrink elementor-repeater-item-db43a48\" href=\"https:\/\/www.youtube.com\/playlist?list=PLdTqVE1jP8uH6uaaRY1Z4ACYya_UCm3f0\" target=\"_blank\">\n\t\t\t\t\t\t<span class=\"elementor-screen-only\">Youtube<\/span>\n\t\t\t\t\t\t<i class=\"fab fa-youtube\"><\/i>\t\t\t\t\t<\/a>\n\t\t\t\t<\/span>\n\t\t\t\t\t<\/div>\n\t\t\t\t<\/div>\n\t\t\t\t<\/div>\n\t\t\t\t\t\t<\/div>\n\t\t\t\t\t<\/div>\n\t\t<\/div>\n\t\t\t\t\t\t\t\t<\/div>\n\t\t\t\t\t<\/div>\n\t\t<\/section>\n\t\t\t\t<section class=\"elementor-section elementor-top-section elementor-element elementor-element-4129f07f elementor-section-boxed elementor-section-height-default elementor-section-height-default\" data-id=\"4129f07f\" data-element_type=\"section\">\n\t\t\t\t\t\t<div class=\"elementor-container elementor-column-gap-default\">\n\t\t\t\t\t\t\t<div class=\"elementor-row\">\n\t\t\t\t\t<div class=\"elementor-column elementor-col-100 elementor-top-column elementor-element elementor-element-21cefb19\" data-id=\"21cefb19\" data-element_type=\"column\">\n\t\t\t<div class=\"elementor-column-wrap elementor-element-populated\">\n\t\t\t\t\t\t\t<div class=\"elementor-widget-wrap\">\n\t\t\t\t\t\t<div class=\"elementor-element elementor-element-463caca4 elementor-widget elementor-widget-text-editor\" data-id=\"463caca4\" data-element_type=\"widget\" data-widget_type=\"text-editor.default\">\n\t\t\t\t<div class=\"elementor-widget-container\">\n\t\t\t\t\t\t\t\t<div class=\"elementor-text-editor elementor-clearfix\">\n\t\t\t\t<p>\u00a9 2021 Studio Nikolai Estis<br \/><a href=\"http:\/\/art.estis.de\/imprint-data-protection\/\">Imprint &amp;\u00a0Data Protection<\/a><\/p>\t\t\t\t\t<\/div>\n\t\t\t\t\t\t<\/div>\n\t\t\t\t<\/div>\n\t\t\t\t\t\t<\/div>\n\t\t\t\t\t<\/div>\n\t\t<\/div>\n\t\t\t\t\t\t\t\t<\/div>\n\t\t\t\t\t<\/div>\n\t\t<\/section>\n\t\t\t\t\t\t\t\t\t<\/div>\n\t\t\t<\/div>\n\t\t\t\t\t<\/div>\n\t\t","protected":false},"excerpt":{"rendered":"<p>Andrea Fromm Kunstwissenschaftlerin Nikolai Estis &#8211; Visions Vortrag zur Ausstellung in der Galerie Room 21, Hamburg 18. Januar 2002\u200b Guten Abend, ich freue mich, Euch zur Ausstellungser\u00f6ffnung \u00abVisions\u00bb von Nikolai Estis begr\u00fc\u00dfen und diese Ausstellung gemeinsam mit Nikolai Estis er\u00f6ffnen zu d\u00fcrfen, der noch eine ganz besondere \u00dcberraschung f\u00fcr diesen Abend f\u00fcr uns parat hat. [&hellip;]<\/p>\n","protected":false},"author":1,"featured_media":0,"parent":21,"menu_order":0,"comment_status":"closed","ping_status":"closed","template":"","meta":[],"translation":{"provider":"WPGlobus","version":"2.12.0","language":"es","enabled_languages":["en","es","de","fr","ru"],"languages":{"en":{"title":true,"content":true,"excerpt":false},"es":{"title":false,"content":false,"excerpt":false},"de":{"title":false,"content":false,"excerpt":false},"fr":{"title":false,"content":false,"excerpt":false},"ru":{"title":false,"content":false,"excerpt":false}}},"_links":{"self":[{"href":"http:\/\/art.estis.de\/es\/wp-json\/wp\/v2\/pages\/1484"}],"collection":[{"href":"http:\/\/art.estis.de\/es\/wp-json\/wp\/v2\/pages"}],"about":[{"href":"http:\/\/art.estis.de\/es\/wp-json\/wp\/v2\/types\/page"}],"author":[{"embeddable":true,"href":"http:\/\/art.estis.de\/es\/wp-json\/wp\/v2\/users\/1"}],"replies":[{"embeddable":true,"href":"http:\/\/art.estis.de\/es\/wp-json\/wp\/v2\/comments?post=1484"}],"version-history":[{"count":19,"href":"http:\/\/art.estis.de\/es\/wp-json\/wp\/v2\/pages\/1484\/revisions"}],"predecessor-version":[{"id":2619,"href":"http:\/\/art.estis.de\/es\/wp-json\/wp\/v2\/pages\/1484\/revisions\/2619"}],"up":[{"embeddable":true,"href":"http:\/\/art.estis.de\/es\/wp-json\/wp\/v2\/pages\/21"}],"wp:attachment":[{"href":"http:\/\/art.estis.de\/es\/wp-json\/wp\/v2\/media?parent=1484"}],"curies":[{"name":"wp","href":"https:\/\/api.w.org\/{rel}","templated":true}]}}