{"id":653,"date":"2020-05-12T18:25:40","date_gmt":"2020-05-12T18:25:40","guid":{"rendered":"http:\/\/art.estis.de\/?page_id=653"},"modified":"2021-01-07T15:02:17","modified_gmt":"2021-01-07T15:02:17","slug":"alberto-saviello-welt-der-engel","status":"publish","type":"page","link":"http:\/\/art.estis.de\/es\/mediathek\/texte\/alberto-saviello-welt-der-engel\/","title":{"rendered":"Alberto Saviello &#8211; Welt der Engel"},"content":{"rendered":"\t\t<div data-elementor-type=\"wp-page\" data-elementor-id=\"653\" class=\"elementor elementor-653\">\n\t\t\t\t\t\t<div class=\"elementor-inner\">\n\t\t\t\t<div class=\"elementor-section-wrap\">\n\t\t\t\t\t\t\t\t\t<section class=\"elementor-section elementor-top-section elementor-element elementor-element-2b6db37c elementor-section-boxed elementor-section-height-default elementor-section-height-default\" data-id=\"2b6db37c\" data-element_type=\"section\">\n\t\t\t\t\t\t<div class=\"elementor-container elementor-column-gap-default\">\n\t\t\t\t\t\t\t<div class=\"elementor-row\">\n\t\t\t\t\t<div class=\"elementor-column elementor-col-100 elementor-top-column elementor-element elementor-element-5556b500\" data-id=\"5556b500\" data-element_type=\"column\">\n\t\t\t<div class=\"elementor-column-wrap elementor-element-populated\">\n\t\t\t\t\t\t\t<div class=\"elementor-widget-wrap\">\n\t\t\t\t\t\t<div class=\"elementor-element elementor-element-6cd532ae elementor-widget elementor-widget-spacer\" data-id=\"6cd532ae\" data-element_type=\"widget\" data-widget_type=\"spacer.default\">\n\t\t\t\t<div class=\"elementor-widget-container\">\n\t\t\t\t\t<div class=\"elementor-spacer\">\n\t\t\t<div class=\"elementor-spacer-inner\"><\/div>\n\t\t<\/div>\n\t\t\t\t<\/div>\n\t\t\t\t<\/div>\n\t\t\t\t<div class=\"elementor-element elementor-element-5233018a elementor-widget elementor-widget-heading\" data-id=\"5233018a\" data-element_type=\"widget\" data-widget_type=\"heading.default\">\n\t\t\t\t<div class=\"elementor-widget-container\">\n\t\t\t<h4 class=\"elementor-heading-title elementor-size-default\">Dr. Alberto Saviello<\/h4>\t\t<\/div>\n\t\t\t\t<\/div>\n\t\t\t\t<div class=\"elementor-element elementor-element-7130150 elementor-widget elementor-widget-heading\" data-id=\"7130150\" data-element_type=\"widget\" data-widget_type=\"heading.default\">\n\t\t\t\t<div class=\"elementor-widget-container\">\n\t\t\t<h4 class=\"elementor-heading-title elementor-size-default\">(Kunsthistorisches Institut der Freien Universit\u00e4t Berlin)<\/h4>\t\t<\/div>\n\t\t\t\t<\/div>\n\t\t\t\t<div class=\"elementor-element elementor-element-3e807309 elementor-widget elementor-widget-heading\" data-id=\"3e807309\" data-element_type=\"widget\" data-widget_type=\"heading.default\">\n\t\t\t\t<div class=\"elementor-widget-container\">\n\t\t\t<h1 class=\"elementor-heading-title elementor-size-default\">Nikolai Estis - Welt der Engel\u200b<\/h1>\t\t<\/div>\n\t\t\t\t<\/div>\n\t\t\t\t<div class=\"elementor-element elementor-element-2dcc27c elementor-widget elementor-widget-heading\" data-id=\"2dcc27c\" data-element_type=\"widget\" data-widget_type=\"heading.default\">\n\t\t\t\t<div class=\"elementor-widget-container\">\n\t\t\t<h4 class=\"elementor-heading-title elementor-size-default\">Vortrag zur Ausstellung in der Europ\u00e4ischen Janusz-Korczak-Akademie, M\u00fcnchen\n18. Februar 2016\u200b<\/h4>\t\t<\/div>\n\t\t\t\t<\/div>\n\t\t\t\t<div class=\"elementor-element elementor-element-0598593 elementor-widget elementor-widget-spacer\" data-id=\"0598593\" data-element_type=\"widget\" data-widget_type=\"spacer.default\">\n\t\t\t\t<div class=\"elementor-widget-container\">\n\t\t\t\t\t<div class=\"elementor-spacer\">\n\t\t\t<div class=\"elementor-spacer-inner\"><\/div>\n\t\t<\/div>\n\t\t\t\t<\/div>\n\t\t\t\t<\/div>\n\t\t\t\t\t\t<\/div>\n\t\t\t\t\t<\/div>\n\t\t<\/div>\n\t\t\t\t\t\t\t\t<\/div>\n\t\t\t\t\t<\/div>\n\t\t<\/section>\n\t\t\t\t<section class=\"elementor-section elementor-top-section elementor-element elementor-element-3ed573ad elementor-section-boxed elementor-section-height-default elementor-section-height-default\" data-id=\"3ed573ad\" data-element_type=\"section\">\n\t\t\t\t\t\t<div class=\"elementor-container elementor-column-gap-default\">\n\t\t\t\t\t\t\t<div class=\"elementor-row\">\n\t\t\t\t\t<div class=\"elementor-column elementor-col-100 elementor-top-column elementor-element elementor-element-2765b04e\" data-id=\"2765b04e\" data-element_type=\"column\">\n\t\t\t<div class=\"elementor-column-wrap elementor-element-populated\">\n\t\t\t\t\t\t\t<div class=\"elementor-widget-wrap\">\n\t\t\t\t\t\t<div class=\"elementor-element elementor-element-15e29103 elementor-widget elementor-widget-text-editor\" data-id=\"15e29103\" data-element_type=\"widget\" data-widget_type=\"text-editor.default\">\n\t\t\t\t<div class=\"elementor-widget-container\">\n\t\t\t\t\t\t\t\t<div class=\"elementor-text-editor elementor-clearfix\">\n\t\t\t\t<p><span style=\"font-size: 14px;\">Schemenhaft und doch erhaben erscheinen Nikolai Estis&#8217; Engelfiguren in mit expressivem Duktus gestalteten, von Farbspritzern und Farbverl\u00e4ufen gepr\u00e4gten Bildlandschaften. Die anthropomorphen und gefl\u00fcgelten Gestalten von meist monochrom wei\u00dfer, roter, blauer oder auch schwarzer Farbigkeit erscheinen an Bildorten, die an nat\u00fcrliche Landschaften, an St\u00e4dte und Menschenmengen oder auch an sakrale Architekturen erinnern. Den goldenen Bildhintergrund traditioneller orthodoxer Engelikonen hat Estis gegen Szenerien eingetauscht, in denen die Engel in Kontakt mit dem Irdischen und mit den Menschen treten. Ebenso wie die Landschaften und Architekturen zwischen konkreter Form und freiem malerischen Duktus changieren, so erscheinen uns auch die Engelfiguren als teils transparente Gestalten, deren dynamischen und offenen Konturen ein somatisches Schweben erzeugen; Formen, die zwischen Pr\u00e4senz und Entzug, zwischen Verh\u00fcllung und Offenbarung schwanken.<\/span><\/p><p>Dabei ist es Estis ausdrucksstarker Farbauftrag selbst, der als eine den Bilder immanente Energie die Darstellung der irdischen Welt und ihrer geistigen Wesen aus der Farbe in die Form sch\u00f6pft. Seine Figuren sind lebendige, sich wandelnde, ja flie\u00dfende Farbk\u00f6rper, beseelt von der physischen und physischen Kraft seines malerischen Duktus. Mit dieser Evokation der Engel als energetische Wesen und als \u00abErscheinende\u00bb greift Nikolai Estis eine zentrale Problematik in der theologischen und k\u00fcnstlerischen Auseinandersetzung mit Engeln auf \u2013 n\u00e4mlich die Frage nach der Materialit\u00e4t und der Sichtbarkeit der himmlischen Boten.<\/p><p>Der Maler verzichtet auf jedwede Symbolik, welche die in seinen Bildern erscheinenden Engel als einer bestimmten Religion oder Konfession zugeh\u00f6rig ausweisen w\u00fcrden. Vielmehr als die unterschiedlichen Himmelsherrscher, auf welche die Engel verweisen k\u00f6nnten, interessiert sich Estis f\u00fcr das Verh\u00e4ltnis zwischen den Engeln und den Menschen. Schauplatz seiner Bilder ist also das Irdische, wobei die Darstellungen der diesseitigen Welt und der in ihr t\u00e4tigen Engel gar nicht als Kontrast erscheinen. Denn die Landschaften und Architekturen der Bildr\u00e4ume sind von derselben grundlegenden Kraft durchwirkt, die sich auch in den sie bev\u00f6lkernden Wesen zeigt, eine Energie die sich in den Gestalten der Menschen und Engel lediglich verdichtet und zu figurativer Ausformung gelangt. Das Transzendente scheint hier einerseits dem Immanenten eingeschrieben bzw. aus ihm hervorzugehen, andererseits erhalten gerade die Formen, denen man einen transzendenten Gehalt zusprechen w\u00fcrde, in Estis Bildern eine besondere Sichtbarkeit und Evidenz. Nicht das Materielle ist hier die Grundlage der Sichtbarkeit, sondern erst die geistige Durchdringung ist es, die das materielle Chaos in Form bringt und damit dem Verstande und dem Auge zug\u00e4nglich macht.<\/p><p>Stellt man diese Sichtweise nun in die Tradition der Engelbilder, so scheint es sich geradezu um eine Verkehrung der klassischen Perspektive zu handeln. W\u00e4hrend die historischen Engelbilder meist danach trachteten, eine transzendente Begebenheit f\u00fcr die irdischen Augen sichtbar zu machen\u00a0<span style=\"font-family: Montserrat, sans-serif; font-size: 14px; font-style: normal; font-variant-ligatures: normal; font-variant-caps: normal; font-weight: 400;\">\u2013<\/span><span style=\"font-size: 14px;\">\u00a0am deutlichsten vielleicht bei Caravaggio, der mit seinen lasziven Gassenjungenengeln dieses Spiel auf die Spitze trieb\u00a0<\/span><span style=\"font-family: Montserrat, sans-serif; font-size: 14px; font-style: normal; font-variant-ligatures: normal; font-variant-caps: normal; font-weight: 400;\">\u2013,<\/span><span style=\"font-size: 14px;\">\u00a0habe ich bei Nikolai Estis&#8217; Bildern den Eindruck, dass es darum geht, das Irdische aus der Sichtweise der Engel darzustellen. In einer solchen Blickrichtung wird eben nicht das Irdische und Menschliche an den Engeln hervorgekehrt. Stattdessen stellt ein Blick, der auf die geistigen Energien im Irdischen gerichtet ist, eine grundlegende \u00c4hnlichkeit und Verbundenheit von Immanenz und Transzendenz heraus und betont damit das Himmlische im Irdischen und die engelhaften Eigenschaften im Menschen.<\/span><\/p>\t\t\t\t\t<\/div>\n\t\t\t\t\t\t<\/div>\n\t\t\t\t<\/div>\n\t\t\t\t\t\t<\/div>\n\t\t\t\t\t<\/div>\n\t\t<\/div>\n\t\t\t\t\t\t\t\t<\/div>\n\t\t\t\t\t<\/div>\n\t\t<\/section>\n\t\t\t\t<section class=\"elementor-section elementor-top-section elementor-element elementor-element-936ecd8 elementor-section-boxed elementor-section-height-default elementor-section-height-default\" data-id=\"936ecd8\" data-element_type=\"section\">\n\t\t\t\t\t\t<div class=\"elementor-container elementor-column-gap-default\">\n\t\t\t\t\t\t\t<div class=\"elementor-row\">\n\t\t\t\t\t<div class=\"elementor-column elementor-col-100 elementor-top-column elementor-element elementor-element-46d75b5\" data-id=\"46d75b5\" data-element_type=\"column\">\n\t\t\t<div class=\"elementor-column-wrap elementor-element-populated\">\n\t\t\t\t\t\t\t<div class=\"elementor-widget-wrap\">\n\t\t\t\t\t\t<div class=\"elementor-element elementor-element-e6bdf42 elementor-widget elementor-widget-image\" data-id=\"e6bdf42\" data-element_type=\"widget\" data-widget_type=\"image.default\">\n\t\t\t\t<div class=\"elementor-widget-container\">\n\t\t\t\t\t\t\t\t<div class=\"elementor-image\">\n\t\t\t\t\t\t\t\t\t\t\t\t<img decoding=\"async\" src=\"http:\/\/art.estis.de\/wp-content\/uploads\/elementor\/thumbs\/engel_01_tempera_on_paper_45_62_1983-ovax59kxjq4wya7tlmm6lmlet6xu1kmbeb5hktdjb4.jpg\" title=\"Nikolai Estis, \u00abEngel Nr. 1 \/ Angel No. 1\u00bb, 1983, tempera on paper, 45 x 62 cm\" loading=\"lazy\" \/>\t\t\t\t\t\t\t\t\t\t\t\t\t\t<\/div>\n\t\t\t\t\t\t<\/div>\n\t\t\t\t<\/div>\n\t\t\t\t\t\t<\/div>\n\t\t\t\t\t<\/div>\n\t\t<\/div>\n\t\t\t\t\t\t\t\t<\/div>\n\t\t\t\t\t<\/div>\n\t\t<\/section>\n\t\t\t\t<section class=\"elementor-section elementor-top-section elementor-element elementor-element-9db402e elementor-section-boxed elementor-section-height-default elementor-section-height-default\" data-id=\"9db402e\" data-element_type=\"section\">\n\t\t\t\t\t\t<div class=\"elementor-container elementor-column-gap-default\">\n\t\t\t\t\t\t\t<div class=\"elementor-row\">\n\t\t\t\t\t<div class=\"elementor-column elementor-col-100 elementor-top-column elementor-element elementor-element-62163f3\" data-id=\"62163f3\" data-element_type=\"column\">\n\t\t\t<div class=\"elementor-column-wrap elementor-element-populated\">\n\t\t\t\t\t\t\t<div class=\"elementor-widget-wrap\">\n\t\t\t\t\t\t<div class=\"elementor-element elementor-element-50fba37 elementor-widget elementor-widget-text-editor\" data-id=\"50fba37\" data-element_type=\"widget\" data-widget_type=\"text-editor.default\">\n\t\t\t\t<div class=\"elementor-widget-container\">\n\t\t\t\t\t\t\t\t<div class=\"elementor-text-editor elementor-clearfix\">\n\t\t\t\t<p style=\"text-align: center;\">Nikolai Estis, <i>Engel Nr. 1<\/i>, 1983, Tempera auf Papier, 45 x 62 cm<\/p>\t\t\t\t\t<\/div>\n\t\t\t\t\t\t<\/div>\n\t\t\t\t<\/div>\n\t\t\t\t\t\t<\/div>\n\t\t\t\t\t<\/div>\n\t\t<\/div>\n\t\t\t\t\t\t\t\t<\/div>\n\t\t\t\t\t<\/div>\n\t\t<\/section>\n\t\t\t\t<section class=\"elementor-section elementor-top-section elementor-element elementor-element-6550d188 elementor-section-full_width elementor-section-height-default elementor-section-height-default\" data-id=\"6550d188\" data-element_type=\"section\" data-settings=\"{&quot;background_background&quot;:&quot;classic&quot;}\">\n\t\t\t\t\t\t<div class=\"elementor-container elementor-column-gap-default\">\n\t\t\t\t\t\t\t<div class=\"elementor-row\">\n\t\t\t\t\t<div class=\"elementor-column elementor-col-100 elementor-top-column elementor-element elementor-element-f793b15\" data-id=\"f793b15\" data-element_type=\"column\">\n\t\t\t<div class=\"elementor-column-wrap elementor-element-populated\">\n\t\t\t\t\t\t\t<div class=\"elementor-widget-wrap\">\n\t\t\t\t\t\t<div class=\"elementor-element elementor-element-6e418023 e-grid-align-tablet-center e-grid-align-mobile-center elementor-shape-rounded elementor-grid-0 e-grid-align-center elementor-widget elementor-widget-social-icons\" data-id=\"6e418023\" data-element_type=\"widget\" data-settings=\"{&quot;_animation&quot;:&quot;none&quot;}\" data-widget_type=\"social-icons.default\">\n\t\t\t\t<div class=\"elementor-widget-container\">\n\t\t\t\t\t<div class=\"elementor-social-icons-wrapper elementor-grid\">\n\t\t\t\t\t\t\t<span class=\"elementor-grid-item\">\n\t\t\t\t\t<a class=\"elementor-icon elementor-social-icon elementor-social-icon-instagram elementor-animation-shrink elementor-repeater-item-70d7574\" target=\"_blank\">\n\t\t\t\t\t\t<span class=\"elementor-screen-only\">Instagram<\/span>\n\t\t\t\t\t\t<i class=\"fab fa-instagram\"><\/i>\t\t\t\t\t<\/a>\n\t\t\t\t<\/span>\n\t\t\t\t\t\t\t<span class=\"elementor-grid-item\">\n\t\t\t\t\t<a class=\"elementor-icon elementor-social-icon elementor-social-icon-facebook-f elementor-animation-shrink elementor-repeater-item-0e1a14e\" target=\"_blank\">\n\t\t\t\t\t\t<span class=\"elementor-screen-only\">Facebook-f<\/span>\n\t\t\t\t\t\t<i class=\"fab fa-facebook-f\"><\/i>\t\t\t\t\t<\/a>\n\t\t\t\t<\/span>\n\t\t\t\t\t\t\t<span class=\"elementor-grid-item\">\n\t\t\t\t\t<a class=\"elementor-icon elementor-social-icon elementor-social-icon-youtube elementor-animation-shrink elementor-repeater-item-db43a48\" href=\"https:\/\/www.youtube.com\/playlist?list=PLdTqVE1jP8uH6uaaRY1Z4ACYya_UCm3f0\" target=\"_blank\">\n\t\t\t\t\t\t<span class=\"elementor-screen-only\">Youtube<\/span>\n\t\t\t\t\t\t<i class=\"fab fa-youtube\"><\/i>\t\t\t\t\t<\/a>\n\t\t\t\t<\/span>\n\t\t\t\t\t<\/div>\n\t\t\t\t<\/div>\n\t\t\t\t<\/div>\n\t\t\t\t\t\t<\/div>\n\t\t\t\t\t<\/div>\n\t\t<\/div>\n\t\t\t\t\t\t\t\t<\/div>\n\t\t\t\t\t<\/div>\n\t\t<\/section>\n\t\t\t\t<section class=\"elementor-section elementor-top-section elementor-element elementor-element-38e82402 elementor-section-boxed elementor-section-height-default elementor-section-height-default\" data-id=\"38e82402\" data-element_type=\"section\">\n\t\t\t\t\t\t<div class=\"elementor-container elementor-column-gap-default\">\n\t\t\t\t\t\t\t<div class=\"elementor-row\">\n\t\t\t\t\t<div class=\"elementor-column elementor-col-100 elementor-top-column elementor-element elementor-element-13b7485\" data-id=\"13b7485\" data-element_type=\"column\">\n\t\t\t<div class=\"elementor-column-wrap elementor-element-populated\">\n\t\t\t\t\t\t\t<div class=\"elementor-widget-wrap\">\n\t\t\t\t\t\t<div class=\"elementor-element elementor-element-7ea0f86a elementor-widget elementor-widget-text-editor\" data-id=\"7ea0f86a\" data-element_type=\"widget\" data-widget_type=\"text-editor.default\">\n\t\t\t\t<div class=\"elementor-widget-container\">\n\t\t\t\t\t\t\t\t<div class=\"elementor-text-editor elementor-clearfix\">\n\t\t\t\t<p>\u00a9 2021 Studio Nikolai Estis<br \/><a href=\"http:\/\/art.estis.de\/impressum-datenschutz\/\">Impressum\u00a0&amp;\u00a0Datenschutz<\/a><\/p>\t\t\t\t\t<\/div>\n\t\t\t\t\t\t<\/div>\n\t\t\t\t<\/div>\n\t\t\t\t\t\t<\/div>\n\t\t\t\t\t<\/div>\n\t\t<\/div>\n\t\t\t\t\t\t\t\t<\/div>\n\t\t\t\t\t<\/div>\n\t\t<\/section>\n\t\t\t\t\t\t\t\t\t<\/div>\n\t\t\t<\/div>\n\t\t\t\t\t<\/div>\n\t\t","protected":false},"excerpt":{"rendered":"<p>Dr. Alberto Saviello (Kunsthistorisches Institut der Freien Universit\u00e4t Berlin) Nikolai Estis &#8211; Welt der Engel\u200b Vortrag zur Ausstellung in der Europ\u00e4ischen Janusz-Korczak-Akademie, M\u00fcnchen 18. Februar 2016\u200b Schemenhaft und doch erhaben erscheinen Nikolai Estis&#8217; Engelfiguren in mit expressivem Duktus gestalteten, von Farbspritzern und Farbverl\u00e4ufen gepr\u00e4gten Bildlandschaften. Die anthropomorphen und gefl\u00fcgelten Gestalten von meist monochrom wei\u00dfer, roter, [&hellip;]<\/p>\n","protected":false},"author":1,"featured_media":0,"parent":21,"menu_order":0,"comment_status":"closed","ping_status":"closed","template":"","meta":[],"translation":{"provider":"WPGlobus","version":"2.12.0","language":"es","enabled_languages":["en","es","de","fr","ru"],"languages":{"en":{"title":true,"content":true,"excerpt":false},"es":{"title":false,"content":false,"excerpt":false},"de":{"title":false,"content":false,"excerpt":false},"fr":{"title":false,"content":false,"excerpt":false},"ru":{"title":false,"content":false,"excerpt":false}}},"_links":{"self":[{"href":"http:\/\/art.estis.de\/es\/wp-json\/wp\/v2\/pages\/653"}],"collection":[{"href":"http:\/\/art.estis.de\/es\/wp-json\/wp\/v2\/pages"}],"about":[{"href":"http:\/\/art.estis.de\/es\/wp-json\/wp\/v2\/types\/page"}],"author":[{"embeddable":true,"href":"http:\/\/art.estis.de\/es\/wp-json\/wp\/v2\/users\/1"}],"replies":[{"embeddable":true,"href":"http:\/\/art.estis.de\/es\/wp-json\/wp\/v2\/comments?post=653"}],"version-history":[{"count":26,"href":"http:\/\/art.estis.de\/es\/wp-json\/wp\/v2\/pages\/653\/revisions"}],"predecessor-version":[{"id":2628,"href":"http:\/\/art.estis.de\/es\/wp-json\/wp\/v2\/pages\/653\/revisions\/2628"}],"up":[{"embeddable":true,"href":"http:\/\/art.estis.de\/es\/wp-json\/wp\/v2\/pages\/21"}],"wp:attachment":[{"href":"http:\/\/art.estis.de\/es\/wp-json\/wp\/v2\/media?parent=653"}],"curies":[{"name":"wp","href":"https:\/\/api.w.org\/{rel}","templated":true}]}}