{"id":893,"date":"2020-07-06T13:27:02","date_gmt":"2020-07-06T13:27:02","guid":{"rendered":"http:\/\/art.estis.de\/?page_id=893"},"modified":"2021-01-07T15:02:46","modified_gmt":"2021-01-07T15:02:46","slug":"alexander-estis-vorrede-bilderschau","status":"publish","type":"page","link":"http:\/\/art.estis.de\/es\/mediathek\/texte\/alexander-estis-vorrede-bilderschau\/","title":{"rendered":"Alexander Estis &#8211; Vorrede Bilderschau"},"content":{"rendered":"\t\t<div data-elementor-type=\"wp-page\" data-elementor-id=\"893\" class=\"elementor elementor-893\">\n\t\t\t\t\t\t<div class=\"elementor-inner\">\n\t\t\t\t<div class=\"elementor-section-wrap\">\n\t\t\t\t\t\t\t\t\t<section class=\"elementor-section elementor-top-section elementor-element elementor-element-1b6124a1 elementor-section-boxed elementor-section-height-default elementor-section-height-default\" data-id=\"1b6124a1\" data-element_type=\"section\">\n\t\t\t\t\t\t<div class=\"elementor-container elementor-column-gap-default\">\n\t\t\t\t\t\t\t<div class=\"elementor-row\">\n\t\t\t\t\t<div class=\"elementor-column elementor-col-100 elementor-top-column elementor-element elementor-element-498372a\" data-id=\"498372a\" data-element_type=\"column\">\n\t\t\t<div class=\"elementor-column-wrap elementor-element-populated\">\n\t\t\t\t\t\t\t<div class=\"elementor-widget-wrap\">\n\t\t\t\t\t\t<div class=\"elementor-element elementor-element-40f491d7 elementor-widget elementor-widget-spacer\" data-id=\"40f491d7\" data-element_type=\"widget\" data-widget_type=\"spacer.default\">\n\t\t\t\t<div class=\"elementor-widget-container\">\n\t\t\t\t\t<div class=\"elementor-spacer\">\n\t\t\t<div class=\"elementor-spacer-inner\"><\/div>\n\t\t<\/div>\n\t\t\t\t<\/div>\n\t\t\t\t<\/div>\n\t\t\t\t<div class=\"elementor-element elementor-element-5e90926a elementor-widget elementor-widget-heading\" data-id=\"5e90926a\" data-element_type=\"widget\" data-widget_type=\"heading.default\">\n\t\t\t\t<div class=\"elementor-widget-container\">\n\t\t\t<h4 class=\"elementor-heading-title elementor-size-default\">Alexander Estis<\/h4>\t\t<\/div>\n\t\t\t\t<\/div>\n\t\t\t\t<div class=\"elementor-element elementor-element-3106b6fc elementor-widget elementor-widget-heading\" data-id=\"3106b6fc\" data-element_type=\"widget\" data-widget_type=\"heading.default\">\n\t\t\t\t<div class=\"elementor-widget-container\">\n\t\t\t<h1 class=\"elementor-heading-title elementor-size-default\">Vorrede Bilderschau<\/h1>\t\t<\/div>\n\t\t\t\t<\/div>\n\t\t\t\t<div class=\"elementor-element elementor-element-1aacec4d elementor-widget elementor-widget-spacer\" data-id=\"1aacec4d\" data-element_type=\"widget\" data-widget_type=\"spacer.default\">\n\t\t\t\t<div class=\"elementor-widget-container\">\n\t\t\t\t\t<div class=\"elementor-spacer\">\n\t\t\t<div class=\"elementor-spacer-inner\"><\/div>\n\t\t<\/div>\n\t\t\t\t<\/div>\n\t\t\t\t<\/div>\n\t\t\t\t\t\t<\/div>\n\t\t\t\t\t<\/div>\n\t\t<\/div>\n\t\t\t\t\t\t\t\t<\/div>\n\t\t\t\t\t<\/div>\n\t\t<\/section>\n\t\t\t\t<section class=\"elementor-section elementor-top-section elementor-element elementor-element-45d24a4b elementor-section-boxed elementor-section-height-default elementor-section-height-default\" data-id=\"45d24a4b\" data-element_type=\"section\">\n\t\t\t\t\t\t<div class=\"elementor-container elementor-column-gap-default\">\n\t\t\t\t\t\t\t<div class=\"elementor-row\">\n\t\t\t\t\t<div class=\"elementor-column elementor-col-100 elementor-top-column elementor-element elementor-element-1f8af38\" data-id=\"1f8af38\" data-element_type=\"column\">\n\t\t\t<div class=\"elementor-column-wrap elementor-element-populated\">\n\t\t\t\t\t\t\t<div class=\"elementor-widget-wrap\">\n\t\t\t\t\t\t<div class=\"elementor-element elementor-element-78904d5a elementor-widget elementor-widget-text-editor\" data-id=\"78904d5a\" data-element_type=\"widget\" data-widget_type=\"text-editor.default\">\n\t\t\t\t<div class=\"elementor-widget-container\">\n\t\t\t\t\t\t\t\t<div class=\"elementor-text-editor elementor-clearfix\">\n\t\t\t\t<p>Verehrte Damen und Herren,<br \/>liebe Freunde,<\/p><p>vielen Dank daf\u00fcr, dass Sie heute hierher gekommen sind \u2013 zu dieser merkw\u00fcrdigen und ungew\u00f6hnlichen Veranstaltung, einer \u00abBilderschau\u00bb.<\/p><p>Diejenigen von Ihnen, die noch nie eine solche Bilderschau erlebt haben, werden sich fragen, was das eigentlich ist und was zur Entstehung solch einer seltsamen Kunstform gef\u00fchrt hat. Nun, man k\u00f6nnte diese Fragen getrost offen lassen und ohne Vorwort mit der \u00abBilderschau\u00bb beginnen, wie wir es tats\u00e4chlich auch oft tun, denn Kunst wirkt auch ohne Vorwissen, die Aufnahme von Kunstwerken kann spontan und unvermittelt geschehen, erfordert keine wissenschaftliche Prop\u00e4deutik.<\/p><p>Und gerade dann, wenn ein k\u00fcnstlerisches Werk uns unvermittelt ergreift, uns ohne jede Vorbereitung in seinen Bann zieht, entstehen die st\u00e4rksten Empfindungen, das tiefste Verst\u00e4ndnis. Dazu bedarf es nur der inneren Bereitschaft, einer gewissen Empf\u00e4nglichkeit und Sensibilit\u00e4t, einer Konzentration auf den Gegenstand. Dies bringen Sie sicherlich mit \u2013 schlie\u00dflich sind Sie ja hierher gekommen. Daher werde ich nicht lang und nicht ausf\u00fchrlich reden und schon gar nicht versuchen, die Werke zu erkl\u00e4ren. Was Sie allerdings sicher interessieren wird, ist der historische Hintergrund, die Entstehung dieser \u00abBilderschau\u00bb \u2013 und dar\u00fcber will ich kurz berichten.<\/p><p>Die Bilderschau ist vor beinah einem halben Jahrhundert im Atelier des K\u00fcnstlers Nikolai Estis, meines Vaters, entstanden und zwar zur Sowjetzeit \u2013 einer Zeit der rigorosen Zensur. Damals musste jeder K\u00fcnstler, der in seinem Schaffen nicht konformistisch, nicht systemtreu war, nicht blo\u00df um sein Atelier oder seine Werke, sondern um sein Leben bangen. Nicht systemkonform sein, hie\u00df, in seinem Schaffen nicht den Richtlinien des sogenannten Sozialistischen Realismus zu folgen, wie der Darstellung von Lenin auf dem Panzer, dem Bauern bei der Ernte, dem Soldat, der die Grenze verteidigt \u2013 alles plakativ, in Rot. Avantgardistische K\u00fcnstler mussten sich versteckt halten.<\/p><p>Mein Vater geh\u00f6rte zwar keiner avantgardistischen Bewegung an, doch er malte in seinem eigenen Stil, so wie es sein Sinn es ihm eingab, und war somit alles andere als systemkonform. Ausstellen konnte er daher kaum, nur unter einem \u00abVorwand\u00bb, etwa eine Serie von Lithographien mit Illustrationen zu Lorca. Lorca verband man mit Revolutionsgeist, und alles was damit zu tun hatte, war willkommen.<\/p><p>Das Interesse an origineller Kunst war aber nat\u00fcrlich trotz Zensur gro\u00df \u2013 oder vielleicht gerade durch sie verst\u00e4rkt. Daher kam man heimlich, \u00e4ngstlich, oft einzeln und durch Hintert\u00fcren, in die K\u00fcnstlerateliers und sah sich die Bilder dort an. Nun hatte mein Vater ein Atelier direkt unter dem Dach, und die schr\u00e4gen W\u00e4nde des Dachgeschosses erlaubten es nicht einmal, die Malereien an die W\u00e4nde zu h\u00e4ngen. Also musste eine Notl\u00f6sung gefunden werden. Mein Vater stellte f\u00fcr die heimlichen Besucher seine Bilder nacheinander auf eine Staffelei. Die Zuschauer standen umher oder sa\u00dfen und betrachteten die Bilder einzeln. Schon bald stellte mein Vater fest, dass die Reihenfolge, in der die Bilder gezeigt wurden, nicht ohne Bedeutung war. Und er begann, bestimmte Folgen aufzustellen, Sequenzen von Bildern, die einen bestimmten emotionalen Zusammenhalt hatten. Aber dar\u00fcber sp\u00e4ter.<\/p><p>Zun\u00e4chst kam noch ein weiteres Element hinzu. Ein Freund meines Vaters, ein Cellist im Orchester, hatte eine Reise ins Ausland beantragt. Daraufhin hat man ihn verd\u00e4chtigt, hat ihn seiner Arbeit beraubt und ihn aus dem Orchester geworfen. Er lebte mit seiner Frau und zwei Kindern in einer Kommunalwohnung, das hei\u00dft in einem Zimmer. Zuhause konnte er also nicht spielen. Daher kam er zu meinem Vater ins Atelier und probte dort. Eines Tages sa\u00df er neben der Staffelei, auf der ein Gem\u00e4lde stand, und vertiefte sich beim Improvisieren so sehr in die Betrachtung des Kunstwerks, dass er gleichsam von dem Bild wie von einem Notenblatt zu spielen schien. So kam die musikalische Komponente zu der optischen Bildreihe hinzu.<\/p><p>Sp\u00e4ter f\u00fchrte mein Vater solche Bilderschauen mit verschiedenen Musikern auf, unter anderem mit Alexander Suslin, der am 4. M\u00e4rz hier spielen wird, meist mit improvisierter Musik, zuweilen aber auch mit bestimmten, sehr unterschiedlichen Werken \u2013 von Bach bis hin zu Carl Orff.<\/p><p>Es ist aber offensichtlich, dass die Improvisation am besten zu dieser Kunstform passt. Denn die Musik ist hierbei kein eigenst\u00e4ndiges Medium, nicht etwas vom Bild unabh\u00e4ngiges. Es ist aber auch nicht so, dass die Musik jedes einzelne Gem\u00e4lde illustriert oder musikalisch umsetzt. Vielmehr folgt die Musik demselben inneren Rhythmus, derselben Bewegung wie die Bildreihe.<\/p><p>Der Begriff der Bewegung ist auch f\u00fcr die Anordnung der Bilder zentral. Die Bilder sind nicht etwa nach motivischen Gesichtspunkten geordnet \u2013 auch wenn das im Einzelnen der Fall sein kann \u2013, sie erz\u00e4hlen auch keine Geschichte im herk\u00f6mmlichen Sinne \u2013 eher eine Geschichte, deren handelnde Personen Farben und Lineaturen sind. Die Bildfolge ist nach Kolorit, nach Dynamik, eben nach einer bestimmten Bewegung gebaut. Ein Rhythmus durchzieht die Sequenzen, aber kein gleichm\u00e4\u00dfiger, sondern ein sich steigernder, ein Crescendo, eine Emporf\u00fchrung, in die der Betrachter einbezogen, geradezu eingesogen wird.<\/p><p>Der Effekt ist gro\u00df. Eine mit meinem Vater befreundete Psychologin benutzte die Bildfolgen, um Patienten zu behandeln. Ein Patient, der lange nicht gesprochen hatte, schob der Psychologin nach der Betrachtung der Bilderschau eine Schale mit S\u00fc\u00dfigkeiten zu, die auf dem Tisch stand, und fragte sie, ob sie welche davon essen wolle.<\/p><p>Oft bitten Zuschauer, die Bilder am Ende der Bilderschau in umgekehrter Reihenfolge im Schnelldurchlauf zu zeigen \u2013 um die Betrachter gleichsam \u00abzur\u00fcckzuholen\u00bb. Nun m\u00f6chten wir aber Sie \u00abhineinholen\u00bb.<\/p>\t\t\t\t\t<\/div>\n\t\t\t\t\t\t<\/div>\n\t\t\t\t<\/div>\n\t\t\t\t\t\t<\/div>\n\t\t\t\t\t<\/div>\n\t\t<\/div>\n\t\t\t\t\t\t\t\t<\/div>\n\t\t\t\t\t<\/div>\n\t\t<\/section>\n\t\t\t\t<section class=\"elementor-section elementor-top-section elementor-element elementor-element-12f00f46 elementor-section-boxed elementor-section-height-default elementor-section-height-default\" data-id=\"12f00f46\" data-element_type=\"section\">\n\t\t\t\t\t\t<div class=\"elementor-container elementor-column-gap-default\">\n\t\t\t\t\t\t\t<div class=\"elementor-row\">\n\t\t\t\t\t<div class=\"elementor-column elementor-col-100 elementor-top-column elementor-element elementor-element-128b3964\" data-id=\"128b3964\" data-element_type=\"column\">\n\t\t\t<div class=\"elementor-column-wrap elementor-element-populated\">\n\t\t\t\t\t\t\t<div class=\"elementor-widget-wrap\">\n\t\t\t\t\t\t<div class=\"elementor-element elementor-element-76ab7e36 elementor-widget elementor-widget-image\" data-id=\"76ab7e36\" data-element_type=\"widget\" data-widget_type=\"image.default\">\n\t\t\t\t<div class=\"elementor-widget-container\">\n\t\t\t\t\t\t\t\t<div class=\"elementor-image\">\n\t\t\t\t\t\t\t\t\t\t\t\t<img decoding=\"async\" src=\"http:\/\/art.estis.de\/wp-content\/uploads\/elementor\/thumbs\/IMG_8306-scaled-owyft0tqrp67k885yhel56rrb0m26586wuwvbtf4zk.jpg\" title=\"bilderschau_010\" alt=\"bilderschau_010\" loading=\"lazy\" \/>\t\t\t\t\t\t\t\t\t\t\t\t\t\t<\/div>\n\t\t\t\t\t\t<\/div>\n\t\t\t\t<\/div>\n\t\t\t\t\t\t<\/div>\n\t\t\t\t\t<\/div>\n\t\t<\/div>\n\t\t\t\t\t\t\t\t<\/div>\n\t\t\t\t\t<\/div>\n\t\t<\/section>\n\t\t\t\t<section class=\"elementor-section elementor-top-section elementor-element elementor-element-46543b74 elementor-section-boxed elementor-section-height-default elementor-section-height-default\" data-id=\"46543b74\" data-element_type=\"section\">\n\t\t\t\t\t\t<div class=\"elementor-container elementor-column-gap-default\">\n\t\t\t\t\t\t\t<div class=\"elementor-row\">\n\t\t\t\t\t<div class=\"elementor-column elementor-col-100 elementor-top-column elementor-element elementor-element-514b1437\" data-id=\"514b1437\" data-element_type=\"column\">\n\t\t\t<div class=\"elementor-column-wrap elementor-element-populated\">\n\t\t\t\t\t\t\t<div class=\"elementor-widget-wrap\">\n\t\t\t\t\t\t<div class=\"elementor-element elementor-element-6e132ba8 elementor-widget elementor-widget-text-editor\" data-id=\"6e132ba8\" data-element_type=\"widget\" data-widget_type=\"text-editor.default\">\n\t\t\t\t<div class=\"elementor-widget-container\">\n\t\t\t\t\t\t\t\t<div class=\"elementor-text-editor elementor-clearfix\">\n\t\t\t\t<p style=\"text-align: center;\">Nikolai Estis bei einer Bilderschau<\/p>\t\t\t\t\t<\/div>\n\t\t\t\t\t\t<\/div>\n\t\t\t\t<\/div>\n\t\t\t\t\t\t<\/div>\n\t\t\t\t\t<\/div>\n\t\t<\/div>\n\t\t\t\t\t\t\t\t<\/div>\n\t\t\t\t\t<\/div>\n\t\t<\/section>\n\t\t\t\t<section class=\"elementor-section elementor-top-section elementor-element elementor-element-7b7cbc59 elementor-section-full_width elementor-section-height-default elementor-section-height-default\" data-id=\"7b7cbc59\" data-element_type=\"section\" data-settings=\"{&quot;background_background&quot;:&quot;classic&quot;}\">\n\t\t\t\t\t\t<div class=\"elementor-container elementor-column-gap-default\">\n\t\t\t\t\t\t\t<div class=\"elementor-row\">\n\t\t\t\t\t<div class=\"elementor-column elementor-col-100 elementor-top-column elementor-element elementor-element-5e2fcc6a\" data-id=\"5e2fcc6a\" data-element_type=\"column\">\n\t\t\t<div class=\"elementor-column-wrap elementor-element-populated\">\n\t\t\t\t\t\t\t<div class=\"elementor-widget-wrap\">\n\t\t\t\t\t\t<div class=\"elementor-element elementor-element-7a072a53 e-grid-align-tablet-center e-grid-align-mobile-center elementor-shape-rounded elementor-grid-0 e-grid-align-center elementor-widget elementor-widget-social-icons\" data-id=\"7a072a53\" data-element_type=\"widget\" data-settings=\"{&quot;_animation&quot;:&quot;none&quot;}\" data-widget_type=\"social-icons.default\">\n\t\t\t\t<div class=\"elementor-widget-container\">\n\t\t\t\t\t<div class=\"elementor-social-icons-wrapper elementor-grid\">\n\t\t\t\t\t\t\t<span class=\"elementor-grid-item\">\n\t\t\t\t\t<a class=\"elementor-icon elementor-social-icon elementor-social-icon-instagram elementor-animation-shrink elementor-repeater-item-70d7574\" target=\"_blank\">\n\t\t\t\t\t\t<span class=\"elementor-screen-only\">Instagram<\/span>\n\t\t\t\t\t\t<i class=\"fab fa-instagram\"><\/i>\t\t\t\t\t<\/a>\n\t\t\t\t<\/span>\n\t\t\t\t\t\t\t<span class=\"elementor-grid-item\">\n\t\t\t\t\t<a class=\"elementor-icon elementor-social-icon elementor-social-icon-facebook-f elementor-animation-shrink elementor-repeater-item-0e1a14e\" target=\"_blank\">\n\t\t\t\t\t\t<span class=\"elementor-screen-only\">Facebook-f<\/span>\n\t\t\t\t\t\t<i class=\"fab fa-facebook-f\"><\/i>\t\t\t\t\t<\/a>\n\t\t\t\t<\/span>\n\t\t\t\t\t\t\t<span class=\"elementor-grid-item\">\n\t\t\t\t\t<a class=\"elementor-icon elementor-social-icon elementor-social-icon-youtube elementor-animation-shrink elementor-repeater-item-db43a48\" href=\"https:\/\/www.youtube.com\/playlist?list=PLdTqVE1jP8uH6uaaRY1Z4ACYya_UCm3f0\" target=\"_blank\">\n\t\t\t\t\t\t<span class=\"elementor-screen-only\">Youtube<\/span>\n\t\t\t\t\t\t<i class=\"fab fa-youtube\"><\/i>\t\t\t\t\t<\/a>\n\t\t\t\t<\/span>\n\t\t\t\t\t<\/div>\n\t\t\t\t<\/div>\n\t\t\t\t<\/div>\n\t\t\t\t\t\t<\/div>\n\t\t\t\t\t<\/div>\n\t\t<\/div>\n\t\t\t\t\t\t\t\t<\/div>\n\t\t\t\t\t<\/div>\n\t\t<\/section>\n\t\t\t\t<section class=\"elementor-section elementor-top-section elementor-element elementor-element-2f945667 elementor-section-boxed elementor-section-height-default elementor-section-height-default\" data-id=\"2f945667\" data-element_type=\"section\">\n\t\t\t\t\t\t<div class=\"elementor-container elementor-column-gap-default\">\n\t\t\t\t\t\t\t<div class=\"elementor-row\">\n\t\t\t\t\t<div class=\"elementor-column elementor-col-100 elementor-top-column elementor-element elementor-element-6ecde5ab\" data-id=\"6ecde5ab\" data-element_type=\"column\">\n\t\t\t<div class=\"elementor-column-wrap elementor-element-populated\">\n\t\t\t\t\t\t\t<div class=\"elementor-widget-wrap\">\n\t\t\t\t\t\t<div class=\"elementor-element elementor-element-4dc3a096 elementor-widget elementor-widget-text-editor\" data-id=\"4dc3a096\" data-element_type=\"widget\" data-widget_type=\"text-editor.default\">\n\t\t\t\t<div class=\"elementor-widget-container\">\n\t\t\t\t\t\t\t\t<div class=\"elementor-text-editor elementor-clearfix\">\n\t\t\t\t<p>\u00a9 2021 Studio Nikolai Estis<br \/><a href=\"http:\/\/art.estis.de\/impressum-datenschutz\/\">Impressum\u00a0&amp;\u00a0Datenschutz<\/a><\/p>\t\t\t\t\t<\/div>\n\t\t\t\t\t\t<\/div>\n\t\t\t\t<\/div>\n\t\t\t\t\t\t<\/div>\n\t\t\t\t\t<\/div>\n\t\t<\/div>\n\t\t\t\t\t\t\t\t<\/div>\n\t\t\t\t\t<\/div>\n\t\t<\/section>\n\t\t\t\t\t\t\t\t\t<\/div>\n\t\t\t<\/div>\n\t\t\t\t\t<\/div>\n\t\t","protected":false},"excerpt":{"rendered":"<p>Alexander Estis Vorrede Bilderschau Verehrte Damen und Herren,liebe Freunde, vielen Dank daf\u00fcr, dass Sie heute hierher gekommen sind \u2013 zu dieser merkw\u00fcrdigen und ungew\u00f6hnlichen Veranstaltung, einer \u00abBilderschau\u00bb. Diejenigen von Ihnen, die noch nie eine solche Bilderschau erlebt haben, werden sich fragen, was das eigentlich ist und was zur Entstehung solch einer seltsamen Kunstform gef\u00fchrt hat. [&hellip;]<\/p>\n","protected":false},"author":1,"featured_media":0,"parent":21,"menu_order":0,"comment_status":"closed","ping_status":"closed","template":"","meta":[],"translation":{"provider":"WPGlobus","version":"2.12.0","language":"es","enabled_languages":["en","es","de","fr","ru"],"languages":{"en":{"title":true,"content":true,"excerpt":false},"es":{"title":false,"content":false,"excerpt":false},"de":{"title":false,"content":false,"excerpt":false},"fr":{"title":false,"content":false,"excerpt":false},"ru":{"title":false,"content":false,"excerpt":false}}},"_links":{"self":[{"href":"http:\/\/art.estis.de\/es\/wp-json\/wp\/v2\/pages\/893"}],"collection":[{"href":"http:\/\/art.estis.de\/es\/wp-json\/wp\/v2\/pages"}],"about":[{"href":"http:\/\/art.estis.de\/es\/wp-json\/wp\/v2\/types\/page"}],"author":[{"embeddable":true,"href":"http:\/\/art.estis.de\/es\/wp-json\/wp\/v2\/users\/1"}],"replies":[{"embeddable":true,"href":"http:\/\/art.estis.de\/es\/wp-json\/wp\/v2\/comments?post=893"}],"version-history":[{"count":18,"href":"http:\/\/art.estis.de\/es\/wp-json\/wp\/v2\/pages\/893\/revisions"}],"predecessor-version":[{"id":2631,"href":"http:\/\/art.estis.de\/es\/wp-json\/wp\/v2\/pages\/893\/revisions\/2631"}],"up":[{"embeddable":true,"href":"http:\/\/art.estis.de\/es\/wp-json\/wp\/v2\/pages\/21"}],"wp:attachment":[{"href":"http:\/\/art.estis.de\/es\/wp-json\/wp\/v2\/media?parent=893"}],"curies":[{"name":"wp","href":"https:\/\/api.w.org\/{rel}","templated":true}]}}