{"id":17,"date":"2019-11-25T11:09:15","date_gmt":"2019-11-25T11:09:15","guid":{"rendered":"http:\/\/art.estis.de\/?page_id=17"},"modified":"2021-02-15T17:16:46","modified_gmt":"2021-02-15T17:16:46","slug":"vita","status":"publish","type":"page","link":"http:\/\/art.estis.de\/fr\/vita\/","title":{"rendered":"Vita"},"content":{"rendered":"\t\t<div data-elementor-type=\"wp-page\" data-elementor-id=\"17\" class=\"elementor elementor-17\">\n\t\t\t\t\t\t<div class=\"elementor-inner\">\n\t\t\t\t<div class=\"elementor-section-wrap\">\n\t\t\t\t\t\t\t\t\t<section class=\"elementor-section elementor-top-section elementor-element elementor-element-910a002 elementor-section-boxed elementor-section-height-default elementor-section-height-default\" data-id=\"910a002\" data-element_type=\"section\">\n\t\t\t\t\t\t<div class=\"elementor-container elementor-column-gap-default\">\n\t\t\t\t\t\t\t<div class=\"elementor-row\">\n\t\t\t\t\t<div class=\"elementor-column elementor-col-100 elementor-top-column elementor-element elementor-element-db004d8\" data-id=\"db004d8\" data-element_type=\"column\">\n\t\t\t<div class=\"elementor-column-wrap elementor-element-populated\">\n\t\t\t\t\t\t\t<div class=\"elementor-widget-wrap\">\n\t\t\t\t\t\t<div class=\"elementor-element elementor-element-847f33c elementor-widget elementor-widget-spacer\" data-id=\"847f33c\" data-element_type=\"widget\" data-widget_type=\"spacer.default\">\n\t\t\t\t<div class=\"elementor-widget-container\">\n\t\t\t\t\t<div class=\"elementor-spacer\">\n\t\t\t<div class=\"elementor-spacer-inner\"><\/div>\n\t\t<\/div>\n\t\t\t\t<\/div>\n\t\t\t\t<\/div>\n\t\t\t\t<div class=\"elementor-element elementor-element-bd31d87 elementor-widget elementor-widget-heading\" data-id=\"bd31d87\" data-element_type=\"widget\" data-widget_type=\"heading.default\">\n\t\t\t\t<div class=\"elementor-widget-container\">\n\t\t\t<h1 class=\"elementor-heading-title elementor-size-default\">Vita<\/h1>\t\t<\/div>\n\t\t\t\t<\/div>\n\t\t\t\t<div class=\"elementor-element elementor-element-e34b50e elementor-widget elementor-widget-spacer\" data-id=\"e34b50e\" data-element_type=\"widget\" data-widget_type=\"spacer.default\">\n\t\t\t\t<div class=\"elementor-widget-container\">\n\t\t\t\t\t<div class=\"elementor-spacer\">\n\t\t\t<div class=\"elementor-spacer-inner\"><\/div>\n\t\t<\/div>\n\t\t\t\t<\/div>\n\t\t\t\t<\/div>\n\t\t\t\t\t\t<\/div>\n\t\t\t\t\t<\/div>\n\t\t<\/div>\n\t\t\t\t\t\t\t\t<\/div>\n\t\t\t\t\t<\/div>\n\t\t<\/section>\n\t\t\t\t<section class=\"elementor-section elementor-top-section elementor-element elementor-element-2934ce6 elementor-section-boxed elementor-section-height-default elementor-section-height-default\" data-id=\"2934ce6\" data-element_type=\"section\">\n\t\t\t\t\t\t<div class=\"elementor-container elementor-column-gap-default\">\n\t\t\t\t\t\t\t<div class=\"elementor-row\">\n\t\t\t\t\t<div class=\"elementor-column elementor-col-100 elementor-top-column elementor-element elementor-element-8699038\" data-id=\"8699038\" data-element_type=\"column\">\n\t\t\t<div class=\"elementor-column-wrap elementor-element-populated\">\n\t\t\t\t\t\t\t<div class=\"elementor-widget-wrap\">\n\t\t\t\t\t\t<div class=\"elementor-element elementor-element-422e8d5 elementor-widget elementor-widget-text-editor\" data-id=\"422e8d5\" data-element_type=\"widget\" data-widget_type=\"text-editor.default\">\n\t\t\t\t<div class=\"elementor-widget-container\">\n\t\t\t\t\t\t\t\t<div class=\"elementor-text-editor elementor-clearfix\">\n\t\t\t\t<p>Geboren 1937 in Moskau, Russland<\/p><p>Lebt und arbeitet in Moskau, Russland, und in der N\u00e4he von Hamburg, Deutschland<br \/><br \/><\/p><h2>AUSBILDUNG<\/h2><p>Moskauer Hochschule f\u00fcr Kunstgrafik, Abschluss: 1958<br \/><br \/><\/p><h2 style=\"font-variant-ligatures: normal; font-variant-caps: normal; font-style: normal;\">SAMMLUNGEN<\/h2><p style=\"font-variant-ligatures: normal; font-variant-caps: normal; font-family: Montserrat; font-size: 14px; font-style: normal; font-weight: 400;\"><a style=\"font-size: 14px;\" href=\"https:\/\/www.tretyakovgallery.ru\/de\/\" target=\"_blank\" rel=\"noopener\">Staatliche Tretjakow-Galerie<\/a>, Moskau, Russland<\/p><p style=\"font-variant-ligatures: normal; font-variant-caps: normal; font-family: Montserrat; font-size: 14px; font-style: normal; font-weight: 400;\"><a href=\"https:\/\/pushkinmuseum.art\/?lang=de\" target=\"_blank\" rel=\"noopener\">Staatliches Museum f\u00fcr Bildende K\u00fcnste A. S. Puschkin<\/a>, Moskau, Russland<\/p><p>Staatliches zentrales Museum f\u00fcr zeitgen\u00f6ssische Geschichte Russlands, Moskau, Russland<\/p><p style=\"font-variant-ligatures: normal; font-variant-caps: normal; font-family: Montserrat; font-size: 14px; font-style: normal; font-weight: 400;\"><a style=\"font-size: 14px;\" href=\"https:\/\/goslitmuz.ru\/\" target=\"_blank\" rel=\"noopener\">Staatliches Literaturmuseum<\/a>, Moskau, Russland<\/p><p style=\"font-variant-ligatures: normal; font-variant-caps: normal; font-family: Montserrat; font-size: 14px; font-style: normal; font-weight: 400;\">Sammlung des Innenministeriums, Moskau, Russland<\/p><p style=\"font-variant-ligatures: normal; font-variant-caps: normal; font-family: Montserrat; font-size: 14px; font-style: normal; font-weight: 400;\">Sammlung des K\u00fcnstlerverbandes Russland, Moskau, Russland<\/p><p style=\"font-variant-ligatures: normal; font-variant-caps: normal; font-family: Montserrat; font-size: 14px; font-style: normal; font-weight: 400;\">Bildergalerie, Slatoust, Russland<\/p><p style=\"font-variant-ligatures: normal; font-variant-caps: normal; font-family: Montserrat; font-size: 14px; font-style: normal; font-weight: 400;\">Staatliches regionales kunsthistorisches Museum, Istra, Russland<\/p><p style=\"font-variant-ligatures: normal; font-variant-caps: normal; font-family: Montserrat; font-size: 14px; font-style: normal; font-weight: 400;\">Staatliches Museum f\u00fcr Bildende K\u00fcnste, Orjol, Russland<\/p><p style=\"font-variant-ligatures: normal; font-variant-caps: normal; font-family: Montserrat; font-size: 14px; font-style: normal; font-weight: 400;\">Staatliches Literaturmuseum I.S. Turgenew, Orjol, Russland<\/p><p style=\"font-variant-ligatures: normal; font-variant-caps: normal; font-family: Montserrat; font-size: 14px; font-style: normal; font-weight: 400;\"><a style=\"font-size: 14px;\" href=\"https:\/\/permartmuseum.ru\/\" target=\"_blank\" rel=\"noopener\">Staatliche Kunstgalerie<\/a>, Perm, Russland<\/p><p style=\"font-variant-ligatures: normal; font-variant-caps: normal; font-family: Montserrat; font-size: 14px; font-style: normal; font-weight: 400;\">Staatliches Kunstmuseum der Republik Karelien, Petrosawodsk, Russland<\/p><p style=\"font-variant-ligatures: normal; font-variant-caps: normal; font-family: Montserrat; font-size: 14px; font-style: normal; font-weight: 400;\">Bildergalerie, Staraja Ladoga, Russland<\/p><p style=\"font-variant-ligatures: normal; font-variant-caps: normal; font-family: Montserrat; font-size: 14px; font-style: normal; font-weight: 400;\">Staatliches Kunstmuseum, Jaroslawl, Russland<\/p><p style=\"font-variant-ligatures: normal; font-variant-caps: normal; font-family: Montserrat; font-size: 14px; font-style: normal; font-weight: 400;\">Staatliches Kunstmuseum, Murmansk, Russland<\/p><p style=\"font-variant-ligatures: normal; font-variant-caps: normal; font-family: Montserrat; font-size: 14px; font-style: normal; font-weight: 400;\">Sammlung der\u00a0<a style=\"font-size: 14px;\" href=\"https:\/\/www.amacad.org\/\" target=\"_blank\" rel=\"noopener\">American Academy of Arts and Sciences<\/a>, Cambridge, Massachusetts, USA<\/p><p style=\"font-variant-ligatures: normal; font-variant-caps: normal; font-family: Montserrat; font-size: 14px; font-style: normal; font-weight: 400;\">Sammlung von George Costakis, Thessaloniki, Griechenland<\/p><p style=\"font-variant-ligatures: normal; font-variant-caps: normal; font-family: Montserrat; font-size: 14px; font-style: normal; font-weight: 400;\"><a style=\"font-size: 14px;\" href=\"https:\/\/kunstimuuseum.ekm.ee\/en\/\" target=\"_blank\" rel=\"noopener\">Staatliches Kunstmuseum der Republik Estland<\/a>, Tallinn, Finnland<\/p><p style=\"font-variant-ligatures: normal; font-variant-caps: normal; font-family: Montserrat; font-size: 14px; font-style: normal; font-weight: 400;\"><a href=\"https:\/\/art.db.com\/de\/sammlung-deutsche-bank.html\">Sammlung Deutsche Bank<\/a>, Frankfurt am Main, Deutschland<\/p><p style=\"font-variant-ligatures: normal; font-variant-caps: normal; font-family: Montserrat; font-size: 14px; font-style: normal; font-weight: 400;\">Sammlung von Michail Chodorkowski, Z\u00fcrich, Schweiz<\/p><p align=\"JUSTIFY\">Zentrales staatliches Museum der modernen Geschichte Russlands, Moskau, Russland<\/p><p align=\"JUSTIFY\">Staatliches Museum \u00ab\u00a0Neues Jerusalem\u00a0\u00bb, Moskau, Russland<\/p><p align=\"JUSTIFY\">Kunstmuseum Wjatka W. und A. Wasnezow, Kirow, Russland<\/p><p align=\"JUSTIFY\"><a href=\"http:\/\/radmuseumart.ru\/\">Radischtschew-Kunstmuseum<\/a>, Saratow, Russland<\/p><p align=\"JUSTIFY\">Regionales heimatkundliches Museum, Lipezk, Russland<\/p><p align=\"JUSTIFY\"><a href=\"http:\/\/xn--j1aef2a.xn--p1ai\/en\">Regionales Kunstmuseum<\/a>, Kurgan, Russland<\/p><p align=\"JUSTIFY\">\u017dilinskij-Kunstmuseum, Sotschi, Russland<\/p><p align=\"JUSTIFY\">Museum f\u00fcr zeitgen\u00f6ssische christliche Kunst, Moskau, Russland<\/p><p align=\"JUSTIFY\">Heimatkundliches Museum, Poronaisk, Russland<\/p><p align=\"JUSTIFY\">Sammlung des Russischen Kulturministeriums, Moskau, Russland<br \/><br \/><\/p><h2>EINZELAUSSTELLUNGEN UND WICHTIGE GRUPPENAUSSTELLUNGEN<\/h2><h3>2016<\/h3><p><a href=\"https:\/\/www.ejka.org\/de\/content\/eindr%C3%BCcke-von-der-vernissage-von-nikolai-estis\" target=\"_blank\" rel=\"noopener\"><i>Welt der Engel<\/i><\/a>, <a href=\"https:\/\/www.ejka.org\/de\" target=\"_blank\" rel=\"noopener\">Europ\u00e4ische Janusz-Korczak-Akademie<\/a>, M\u00fcnchen, Deutschland (<a href=\"http:\/\/art.estis.de\/texte\/alberto-saviello-welt-der-engel\/\" target=\"_blank\" rel=\"noopener\">Vortrag von Alberto Saviello<\/a>)<\/p><p><a href=\"https:\/\/www.rellingen.de\/leben-erleben\/kultur\/rathausgalerie\/\" target=\"_blank\" rel=\"noopener\">Rathausgalerie<\/a>, Rellingen, Deutschland (solo mit <a href=\"http:\/\/estis.ch\/\" target=\"_blank\" rel=\"noopener\">Alexander Estis<\/a>)<\/p><h3>2015<\/h3><p><a href=\"https:\/\/www.unige.ch\/lettres\/meslo\/unites\/russe\/cercle-russe\/\" target=\"_blank\" rel=\"noopener\">Cercle russe de l\u2019Universit\u00e9 de Gen\u00e8ve<\/a>,\u00a0Universit\u00e9 de Gen\u00e8ve, Genf, Schweiz<\/p><p><em>Stimmen der Ahnen<\/em>, Kultursalon im\u00a0\u00abHaus des K\u00fcnstlers Nikolai Estis\u00ab, Hamburg, Deutschland<\/p><h3>2014<\/h3><p><a href=\"https:\/\/ru.wikipedia.org\/wiki\/%D0%A6%D0%B5%D0%BD%D1%82%D1%80%D0%B0%D0%BB%D1%8C%D0%BD%D1%8B%D0%B9_%D0%B4%D0%BE%D0%BC_%D0%BA%D0%B8%D0%BD%D0%BE\" target=\"_blank\" rel=\"noopener\">Haus des Kinos<\/a>,\u00a0Moskau, Russland<\/p><p><a href=\"http:\/\/russischeskulturinstitut.at\/de\/herzlich-willkommen\" target=\"_blank\" rel=\"noopener\">Russisches Kulturinstitut<\/a>, Wien, \u00d6sterreich<\/p><h3>2012<\/h3><p><a href=\"http:\/\/artsazhina.com\/\" target=\"_blank\" rel=\"noopener\">Galerie Svetlana Sazhina<\/a>, Moskau, Russland<\/p><h3>2011<\/h3><p><em>Im Dialog &#8211; Arbeiten der K\u00fcnstlerfamilie Lydia Schulgina &#8211; Nikolai Estis &#8211; Alexander Estis. Malerei &#8211; Plastik &#8211; Grafik<\/em>, <a href=\"https:\/\/www.drostei.de\/\" target=\"_blank\" rel=\"noopener\">Landdrostei Pinneberg<\/a>, Pinneberg, Deutschland (solo mit\u00a0<a href=\"http:\/\/schulgina.de\/\" target=\"_blank\" rel=\"noopener\">Lydia Schulgina<\/a>\u00a0und\u00a0<a href=\"http:\/\/estis.ch\/\" target=\"_blank\" rel=\"noopener\">Alexander Estis<\/a>) (<a href=\"http:\/\/art.estis.de\/hartmut-freytag-im-dialog\/\">Vortrag von Prof. Dr. Hartmut Freytag<\/a>)<\/p><p><a href=\"https:\/\/www.hauptkirche-stnikolai.de\/\" target=\"_blank\" rel=\"noopener\">Hauptkirche St. Nikolai<\/a>, Hamburg, Deutschland<\/p><p>Ausstellungsr\u00e4ume des Finanzamtes, Kiel, Deutschland<\/p><h3>2010<\/h3><p><em>V\u00f6gel und Engel<\/em>, <a href=\"https:\/\/www.hauptkirche-altona.de\/\" target=\"_blank\" rel=\"noopener\">Hauptkirche St. Trinitatis Altona<\/a>, Hamburg, Deutschland (solo) (<a href=\"http:\/\/art.estis.de\/texte\/pastor-bernd-nielsen-vogel-und-engel\/\">Vortrag von Pastor Bernd Nielsen<\/a>)<\/p><p><a href=\"https:\/\/goslitmuz.ru\/\" target=\"_blank\" rel=\"noopener\">Staatliches Literaturmuseum<\/a>, Moskau, Russland<\/p><h3>2009<\/h3><p>Kulturzentrum, Stade, Deutschland<\/p><h3>2008<\/h3><p>Kulturzentrum Schloss Salzau,\u00a0Salzau, Deutschland<\/p><p>J\u00fcdisches Kulturzentrum, Kiel, Deutschland<\/p><p><a href=\"https:\/\/www.rellingen.de\/leben-erleben\/kultur\/rathausgalerie\/\" target=\"_blank\" rel=\"noopener\">Rathausgalerie<\/a>, Rellingen, Deutschland<\/p><p><a href=\"https:\/\/goslitmuz.ru\/\" target=\"_blank\" rel=\"noopener\">Staatliches Literaturmuseum<\/a>, Moskau, Russland<\/p><p><a href=\"https:\/\/yarartmuseum.ru\/\" target=\"_blank\" rel=\"noopener\">Staatliches Kunstmuseum<\/a>, Jaroslawl, Russland<\/p><h3>2007<\/h3><p><a href=\"https:\/\/pushkinmuseum.art\/?lang=ru\" target=\"_blank\" rel=\"noopener\">Staatliches Museum f\u00fcr Bildende K\u00fcnste A. S. Puschkin<\/a>, Moskau, Russland<\/p><p><a href=\"https:\/\/kirche-veddel.de\/\" target=\"_blank\" rel=\"noopener\">Immanuelkirche Veddel<\/a>, Hamburg, Deutschland<\/p><h3>2006<\/h3><p>Literarische Vereinigung \u00bbQuelle\u00ab, Hamburg, Deutschland<\/p><h3>seit 2005<\/h3><p>St\u00e4ndige Ausstellung im \u00ab\u00a0Haus des K\u00fcnstlers Nikolai Estis\u00a0\u00bb, Hamburg, Deutschland<\/p><h3>2004<\/h3><p>Kinozentrum \u00ab\u00a035mm\u00a0\u00bb, Moskau, Russland<\/p><p>Galerie f\u00fcr moderne Kunst \u00ab\u00a0GFAK\u00a0\u00bb, Berlin, Deutschland<\/p><p>\u00ab\u00a0J\u00fcdische Galerie\u00a0\u00bb, Berlin, Deutschland<\/p><h3>2003<\/h3><p><a href=\"https:\/\/cdri.ru\/\" target=\"_blank\" rel=\"noopener\">Zentrales Haus der Kunstschaffenden<\/a>, Moskau, Russland<\/p><h3>2002<\/h3><p><i>Visions<\/i>,\u00a0<a href=\"http:\/\/www.raum21.net\/index.php?Galerie\" target=\"_blank\" rel=\"noopener\">Galerie \u00ab\u00a0Raum 21<\/a>\u00ab\u00a0, Hamburg, Deutschland (<a href=\"http:\/\/art.estis.de\/texte\/andrea-fromm-visions\/\">Vortrag von Andrea Fromm<\/a>)<\/p><p><a href=\"https:\/\/www.st-michaelis.de\/\" target=\"_blank\" rel=\"noopener\">St-Michaelis-Kirche<\/a>, Hamburg, Deutschland<\/p><p><a href=\"https:\/\/www.rellingen.de\/leben-erleben\/kultur\/rathausgalerie\/\" target=\"_blank\" rel=\"noopener\">Rathausgalerie<\/a>, Rellingen, Deutschland<\/p><p><a href=\"http:\/\/www.helikon.ru\/en\" target=\"_blank\" rel=\"noopener\">Operntheater \u00bbHelikon\u00ab<\/a>, Moskau, Russland<\/p><p>Haus der Kinematographie, Moskau, Russland<\/p><p><a href=\"https:\/\/pinnebergmuseum.de\/\" target=\"_blank\" rel=\"noopener\">Stadtmuseum Pinneberg<\/a>, Pinneberg, Deutschland<\/p><h3>2001<\/h3><p><a href=\"https:\/\/www.drostei.de\/\" target=\"_blank\" rel=\"noopener\">Landdrostei Pinneberg<\/a>, Pinneberg, Deutschland<\/p><h3>2000<\/h3><p><a href=\"https:\/\/www.drostei.de\/\" target=\"_blank\" rel=\"noopener\">Landdrostei Pinneberg<\/a>, Pinneberg, Deutschland<\/p><p>Ausstellungsraum \u00ab\u00a0Gaudia.com\u00a0\u00bb, Hamburg, Deutschland<\/p><p><a href=\"http:\/\/www.kirche-nettelnburg.de\/\" target=\"_blank\" rel=\"noopener\">Bugenhagenkirche<\/a>, Hamburg, Deutschland<\/p><p>Ausstellungsraum des medizinischen Zentrums \u00ab\u00a0Burlage\u00a0\u00bb, Hamburg, Deutschland<\/p><h3>1999<\/h3><p><i>Zur Zeit<\/i>, Ausstellungsr\u00e4ume in der Speicherstadt, Hamburg, Deutschland<\/p><p>Galerie Nordlicht, Bunsoh, Deutschland<\/p><p>Kirche am Roland, Wedel, Deutschland<\/p><p><a href=\"https:\/\/www.rellingen.de\/leben-erleben\/kultur\/rathausgalerie\/\" target=\"_blank\" rel=\"noopener\">Rathausgalerie<\/a>, Rellingen, Deutschland<\/p><p><a href=\"https:\/\/www.halstenbek.de\/verwaltung-politik\/aktuelles\/pressemitteilungen\/2019\/6\/6\/ausstellungseroeffnung-im-rathaus-halstenbek\/\" target=\"_blank\" rel=\"noopener\">Rathausgalerie<\/a>, Halstenbek, Deutschland<\/p><p>Museum moderner Kunst, Hildesheim, Deutschland<\/p><p>Kloster-Galerie, Uetersen, Deutschland<\/p><p>Ausstellungsraum der Volkshochschule, Elmshorn, Deutschland<\/p><h3>1997<\/h3><p><a href=\"https:\/\/www.drostei.de\/\" target=\"_blank\" rel=\"noopener\">Landdrostei Pinneberg<\/a>, Pinneberg, Deutschland<\/p><p>Ausstellungsraum der Kreissparkasse, Pinneberg, Deutschland<\/p><p><a href=\"http:\/\/www.vicelin-kirche-nms.de\/vicelinkirche.html\" target=\"_blank\" rel=\"noopener\">Vicelinkirche<\/a>, Neum\u00fcnster, Deutschland<\/p><h3>1996<\/h3><p><em>Appen-Klassik<\/em>,\u00a0<a href=\"https:\/\/www.amt-geest-und-marsch-suedholstein.de\/institution\/appen\/buergerhaus-appen\" target=\"_blank\" rel=\"noopener\">B\u00fcrgerhaus Appen<\/a>, Appen, Deutschland<\/p><p><a href=\"https:\/\/www.drostei.de\/\" target=\"_blank\" rel=\"noopener\">Landdrostei Pinneberg<\/a>, Pinneberg, Deutschland<\/p><p>Haus der K\u00fcnste, Porsgrunn, Norwegen<\/p><p><a href=\"http:\/\/www.langes-tannen-uetersen.de\/\" target=\"_blank\" rel=\"noopener\">Museum Langes-Tannen<\/a>, Uetersen, Deutschland<\/p><h3>1994<\/h3><p><a href=\"https:\/\/cdri.ru\/\" target=\"_blank\" rel=\"noopener\">Zentrales Haus der K\u00fcnstler<\/a>, Moskau, Russland<\/p><h3>1992<\/h3><p><a href=\"http:\/\/artmmuseum.ru\/\" target=\"_blank\" rel=\"noopener\">Staatliches Kunstmuseum<\/a>, Murmansk, Russland<\/p><p><a href=\"https:\/\/yarartmuseum.ru\/\" target=\"_blank\" rel=\"noopener\">Staatliches Kunstmuseum<\/a>, Jaroslawl, Russland<\/p><h3>1991<\/h3><p><a href=\"https:\/\/linludesign.wixsite.com\/thenoragallery?fbclid=IwAR0SZW4PbZ-kBsGM8KlzXvO2YW-Py9zePMeN3x6HO7_JtyUBSAho8KM2NIY\" target=\"_blank\" rel=\"noopener\">Galerie Nora<\/a>, Jerusalem, Israel<\/p><p>Galerie Leonardo, Tampere, Finnland<\/p><h3>1990<\/h3><p><a href=\"https:\/\/cdri.ru\/\" target=\"_blank\" rel=\"noopener\">Zentrales Haus der Kunstschaffenden<\/a>, Moskau, Russland<\/p><h3>1988<\/h3><p>Ausstellungsraum auf der \u00ab\u00a0Nagornaja\u00a0\u00bb, Moskau, Russland<\/p><h3>1987<\/h3><p><a href=\"https:\/\/njerusalem.ru\/\" target=\"_blank\" rel=\"noopener\">Staatliches regionales kunsthistorisches Museum<\/a>, Istra, Russland<\/p><p><a href=\"https:\/\/cdri.ru\/\" target=\"_blank\" rel=\"noopener\">Zentrales Haus der Kunstschaffenden<\/a>, Moskau, Russland<\/p><h3>1984<\/h3><p>Ausstellungsraum des K\u00fcnstlerverbandes auf der \u00ab\u00a0Begowaja\u00a0\u00bb, Moskau, Russland<\/p><h3>1983<\/h3><p><a href=\"https:\/\/kunstimuuseum.ekm.ee\/en\/\">Staatliches Kunstmuseum der Republik Estland<\/a>, Tallinn, Finnland<\/p><h3>1982 &#8211; 1983<\/h3><p>Wanderausstellung, St\u00e4dte Russlands: Jaroslawl, Tscherepowez, Archangelsk, Petrosawodsk, Gorkij u.a.<\/p><h3>1979<\/h3><p><a href=\"https:\/\/www.orelmusizo.ru\/\" target=\"_blank\" rel=\"noopener\">Staatliches Museum f\u00fcr Bildende K\u00fcnste<\/a>, Orjol, Russland<\/p><h3>1978<\/h3><p><a href=\"https:\/\/ru.wikipedia.org\/wiki\/%D0%9E%D1%81%D0%BE%D0%B1%D0%BD%D1%8F%D0%BA_%D0%90%D1%80%D1%81%D0%B5%D0%BD%D0%B8%D1%8F_%D0%9C%D0%BE%D1%80%D0%BE%D0%B7%D0%BE%D0%B2%D0%B0 )\" target=\"_blank\" rel=\"noopener\">Haus der Freundschaft mit dem Ausland<\/a>, Moskau, Russland<\/p><p><a href=\"https:\/\/www.ajaloomuuseum.ee\/en\" target=\"_blank\" rel=\"noopener\">Historisches Museum<\/a>, Tallinn, Finnland<\/p><p>Redaktionsr\u00e4ume der Zeitschrift \u00ab\u00a0Newa\u00a0\u00bb, Leningrad, Russland<\/p><p>Ausstellungsr\u00e4ume des K\u00fcnstlerverbandes, Orjol, Russland<\/p><h3>1972<\/h3><p>Lithographische Werkst\u00e4tten des Moskauer K\u00fcnstlerverbandes, Moskau, Russland<\/p><h3>1966<\/h3><p>Stadtkomitee der Graphiker auf der \u00ab\u00a0Malaja Grusinskaja\u00a0\u00bb, Moskau, Russland<\/p><p><a href=\"https:\/\/cdri.ru\/\" target=\"_blank\" rel=\"noopener\">Zentrales Haus der Kunstschaffenden<\/a>, Moskau, Russland<br \/><br \/><\/p><h2>KUNSTMESSEN<\/h2><h3>2014<\/h3><p>MAG Montreux Art Gallery, Montreux, Schweiz<\/p><h3>2000<\/h3><p>Kulturb\u00f6rse, Handelskammer, Hamburg, Deutschland<\/p><p>Kunstmesse, Kiel, Deutschland<\/p><h3>1999<\/h3><p>Kunstmesse in den Deichtorhallen, Hamburg, Deutschland<\/p>\t\t\t\t\t<\/div>\n\t\t\t\t\t\t<\/div>\n\t\t\t\t<\/div>\n\t\t\t\t\t\t<\/div>\n\t\t\t\t\t<\/div>\n\t\t<\/div>\n\t\t\t\t\t\t\t\t<\/div>\n\t\t\t\t\t<\/div>\n\t\t<\/section>\n\t\t\t\t<section class=\"elementor-section elementor-top-section elementor-element elementor-element-4ef2443a elementor-section-boxed elementor-section-height-default elementor-section-height-default\" data-id=\"4ef2443a\" data-element_type=\"section\">\n\t\t\t\t\t\t<div class=\"elementor-container elementor-column-gap-default\">\n\t\t\t\t\t\t\t<div class=\"elementor-row\">\n\t\t\t\t\t<div class=\"elementor-column elementor-col-100 elementor-top-column elementor-element elementor-element-65db0d75\" data-id=\"65db0d75\" data-element_type=\"column\">\n\t\t\t<div class=\"elementor-column-wrap elementor-element-populated\">\n\t\t\t\t\t\t\t<div class=\"elementor-widget-wrap\">\n\t\t\t\t\t\t<div class=\"elementor-element elementor-element-9133659 elementor-widget elementor-widget-spacer\" data-id=\"9133659\" data-element_type=\"widget\" data-widget_type=\"spacer.default\">\n\t\t\t\t<div class=\"elementor-widget-container\">\n\t\t\t\t\t<div class=\"elementor-spacer\">\n\t\t\t<div class=\"elementor-spacer-inner\"><\/div>\n\t\t<\/div>\n\t\t\t\t<\/div>\n\t\t\t\t<\/div>\n\t\t\t\t\t\t<\/div>\n\t\t\t\t\t<\/div>\n\t\t<\/div>\n\t\t\t\t\t\t\t\t<\/div>\n\t\t\t\t\t<\/div>\n\t\t<\/section>\n\t\t\t\t<section class=\"elementor-section elementor-top-section elementor-element elementor-element-4aba7799 elementor-section-full_width elementor-section-height-default elementor-section-height-default\" data-id=\"4aba7799\" data-element_type=\"section\" data-settings=\"{&quot;background_background&quot;:&quot;classic&quot;}\">\n\t\t\t\t\t\t<div class=\"elementor-container elementor-column-gap-default\">\n\t\t\t\t\t\t\t<div class=\"elementor-row\">\n\t\t\t\t\t<div class=\"elementor-column elementor-col-100 elementor-top-column elementor-element elementor-element-52a8cb25\" data-id=\"52a8cb25\" data-element_type=\"column\">\n\t\t\t<div class=\"elementor-column-wrap elementor-element-populated\">\n\t\t\t\t\t\t\t<div class=\"elementor-widget-wrap\">\n\t\t\t\t\t\t<div class=\"elementor-element elementor-element-16ba6135 e-grid-align-tablet-center e-grid-align-mobile-center elementor-shape-rounded elementor-grid-0 e-grid-align-center elementor-widget elementor-widget-social-icons\" data-id=\"16ba6135\" data-element_type=\"widget\" data-settings=\"{&quot;_animation&quot;:&quot;none&quot;}\" data-widget_type=\"social-icons.default\">\n\t\t\t\t<div class=\"elementor-widget-container\">\n\t\t\t\t\t<div class=\"elementor-social-icons-wrapper elementor-grid\">\n\t\t\t\t\t\t\t<span class=\"elementor-grid-item\">\n\t\t\t\t\t<a class=\"elementor-icon elementor-social-icon elementor-social-icon-instagram elementor-animation-shrink elementor-repeater-item-70d7574\" target=\"_blank\">\n\t\t\t\t\t\t<span class=\"elementor-screen-only\">Instagram<\/span>\n\t\t\t\t\t\t<i class=\"fab fa-instagram\"><\/i>\t\t\t\t\t<\/a>\n\t\t\t\t<\/span>\n\t\t\t\t\t\t\t<span class=\"elementor-grid-item\">\n\t\t\t\t\t<a class=\"elementor-icon elementor-social-icon elementor-social-icon-facebook-f elementor-animation-shrink elementor-repeater-item-0e1a14e\" target=\"_blank\">\n\t\t\t\t\t\t<span class=\"elementor-screen-only\">Facebook-f<\/span>\n\t\t\t\t\t\t<i class=\"fab fa-facebook-f\"><\/i>\t\t\t\t\t<\/a>\n\t\t\t\t<\/span>\n\t\t\t\t\t\t\t<span class=\"elementor-grid-item\">\n\t\t\t\t\t<a class=\"elementor-icon elementor-social-icon elementor-social-icon-youtube elementor-animation-shrink elementor-repeater-item-db43a48\" href=\"https:\/\/www.youtube.com\/playlist?list=PLdTqVE1jP8uH6uaaRY1Z4ACYya_UCm3f0\" target=\"_blank\">\n\t\t\t\t\t\t<span class=\"elementor-screen-only\">Youtube<\/span>\n\t\t\t\t\t\t<i class=\"fab fa-youtube\"><\/i>\t\t\t\t\t<\/a>\n\t\t\t\t<\/span>\n\t\t\t\t\t<\/div>\n\t\t\t\t<\/div>\n\t\t\t\t<\/div>\n\t\t\t\t\t\t<\/div>\n\t\t\t\t\t<\/div>\n\t\t<\/div>\n\t\t\t\t\t\t\t\t<\/div>\n\t\t\t\t\t<\/div>\n\t\t<\/section>\n\t\t\t\t<section class=\"elementor-section elementor-top-section elementor-element elementor-element-551ace34 elementor-section-boxed elementor-section-height-default elementor-section-height-default\" data-id=\"551ace34\" data-element_type=\"section\">\n\t\t\t\t\t\t<div class=\"elementor-container elementor-column-gap-default\">\n\t\t\t\t\t\t\t<div class=\"elementor-row\">\n\t\t\t\t\t<div class=\"elementor-column elementor-col-100 elementor-top-column elementor-element elementor-element-41b984b6\" data-id=\"41b984b6\" data-element_type=\"column\">\n\t\t\t<div class=\"elementor-column-wrap elementor-element-populated\">\n\t\t\t\t\t\t\t<div class=\"elementor-widget-wrap\">\n\t\t\t\t\t\t<div class=\"elementor-element elementor-element-5e1144dc elementor-widget elementor-widget-text-editor\" data-id=\"5e1144dc\" data-element_type=\"widget\" data-widget_type=\"text-editor.default\">\n\t\t\t\t<div class=\"elementor-widget-container\">\n\t\t\t\t\t\t\t\t<div class=\"elementor-text-editor elementor-clearfix\">\n\t\t\t\t<p>\u00a9 2021 Studio Nikolai Estis<br \/><a href=\"http:\/\/art.estis.de\/impressum-datenschutz\/\">Impressum\u00a0&amp;\u00a0Datenschutz<\/a><\/p>\t\t\t\t\t<\/div>\n\t\t\t\t\t\t<\/div>\n\t\t\t\t<\/div>\n\t\t\t\t\t\t<\/div>\n\t\t\t\t\t<\/div>\n\t\t<\/div>\n\t\t\t\t\t\t\t\t<\/div>\n\t\t\t\t\t<\/div>\n\t\t<\/section>\n\t\t\t\t\t\t\t\t\t<\/div>\n\t\t\t<\/div>\n\t\t\t\t\t<\/div>\n\t\t","protected":false},"excerpt":{"rendered":"<p>Vita Geboren 1937 in Moskau, Russland Lebt und arbeitet in Moskau, Russland, und in der N\u00e4he von Hamburg, Deutschland AUSBILDUNG Moskauer Hochschule f\u00fcr Kunstgrafik, Abschluss: 1958 SAMMLUNGEN Staatliche Tretjakow-Galerie, Moskau, Russland Staatliches Museum f\u00fcr Bildende K\u00fcnste A. S. Puschkin, Moskau, Russland Staatliches zentrales Museum f\u00fcr zeitgen\u00f6ssische Geschichte Russlands, Moskau, Russland Staatliches Literaturmuseum, Moskau, Russland Sammlung [&hellip;]<\/p>\n","protected":false},"author":1,"featured_media":0,"parent":0,"menu_order":0,"comment_status":"closed","ping_status":"closed","template":"","meta":[],"translation":{"provider":"WPGlobus","version":"2.12.0","language":"fr","enabled_languages":["en","es","de","fr","ru"],"languages":{"en":{"title":true,"content":true,"excerpt":false},"es":{"title":false,"content":false,"excerpt":false},"de":{"title":false,"content":false,"excerpt":false},"fr":{"title":false,"content":false,"excerpt":false},"ru":{"title":false,"content":false,"excerpt":false}}},"_links":{"self":[{"href":"http:\/\/art.estis.de\/fr\/wp-json\/wp\/v2\/pages\/17"}],"collection":[{"href":"http:\/\/art.estis.de\/fr\/wp-json\/wp\/v2\/pages"}],"about":[{"href":"http:\/\/art.estis.de\/fr\/wp-json\/wp\/v2\/types\/page"}],"author":[{"embeddable":true,"href":"http:\/\/art.estis.de\/fr\/wp-json\/wp\/v2\/users\/1"}],"replies":[{"embeddable":true,"href":"http:\/\/art.estis.de\/fr\/wp-json\/wp\/v2\/comments?post=17"}],"version-history":[{"count":222,"href":"http:\/\/art.estis.de\/fr\/wp-json\/wp\/v2\/pages\/17\/revisions"}],"predecessor-version":[{"id":2719,"href":"http:\/\/art.estis.de\/fr\/wp-json\/wp\/v2\/pages\/17\/revisions\/2719"}],"wp:attachment":[{"href":"http:\/\/art.estis.de\/fr\/wp-json\/wp\/v2\/media?parent=17"}],"curies":[{"name":"wp","href":"https:\/\/api.w.org\/{rel}","templated":true}]}}