{"id":2310,"date":"2021-01-05T19:16:12","date_gmt":"2021-01-05T19:16:12","guid":{"rendered":"http:\/\/art.estis.de\/?page_id=2310"},"modified":"2021-01-07T15:00:04","modified_gmt":"2021-01-07T15:00:04","slug":"nikolai-estis-zur-bedeutung-des-judentums-fuer-sein-schaffen","status":"publish","type":"page","link":"http:\/\/art.estis.de\/ru\/mediathek\/texte\/nikolai-estis-zur-bedeutung-des-judentums-fuer-sein-schaffen\/","title":{"rendered":"Nikolai Estis &#8212; Zur Bedeutung des Judentums f\u00fcr sein Schaffen"},"content":{"rendered":"\t\t<div data-elementor-type=\"wp-page\" data-elementor-id=\"2310\" class=\"elementor elementor-2310\">\n\t\t\t\t\t\t<div class=\"elementor-inner\">\n\t\t\t\t<div class=\"elementor-section-wrap\">\n\t\t\t\t\t\t\t\t\t<section class=\"elementor-section elementor-top-section elementor-element elementor-element-62365c1f elementor-section-boxed elementor-section-height-default elementor-section-height-default\" data-id=\"62365c1f\" data-element_type=\"section\">\n\t\t\t\t\t\t<div class=\"elementor-container elementor-column-gap-default\">\n\t\t\t\t\t\t\t<div class=\"elementor-row\">\n\t\t\t\t\t<div class=\"elementor-column elementor-col-100 elementor-top-column elementor-element elementor-element-6dc34fb4\" data-id=\"6dc34fb4\" data-element_type=\"column\">\n\t\t\t<div class=\"elementor-column-wrap elementor-element-populated\">\n\t\t\t\t\t\t\t<div class=\"elementor-widget-wrap\">\n\t\t\t\t\t\t<div class=\"elementor-element elementor-element-5f4939d6 elementor-widget elementor-widget-spacer\" data-id=\"5f4939d6\" data-element_type=\"widget\" data-widget_type=\"spacer.default\">\n\t\t\t\t<div class=\"elementor-widget-container\">\n\t\t\t\t\t<div class=\"elementor-spacer\">\n\t\t\t<div class=\"elementor-spacer-inner\"><\/div>\n\t\t<\/div>\n\t\t\t\t<\/div>\n\t\t\t\t<\/div>\n\t\t\t\t<div class=\"elementor-element elementor-element-723cc2d0 elementor-widget elementor-widget-heading\" data-id=\"723cc2d0\" data-element_type=\"widget\" data-widget_type=\"heading.default\">\n\t\t\t\t<div class=\"elementor-widget-container\">\n\t\t\t<h4 class=\"elementor-heading-title elementor-size-default\">Nikolai Estis<\/h4>\t\t<\/div>\n\t\t\t\t<\/div>\n\t\t\t\t<div class=\"elementor-element elementor-element-55b65d72 elementor-widget elementor-widget-heading\" data-id=\"55b65d72\" data-element_type=\"widget\" data-widget_type=\"heading.default\">\n\t\t\t\t<div class=\"elementor-widget-container\">\n\t\t\t<h1 class=\"elementor-heading-title elementor-size-default\">Zur Bedeutung des Judentums f\u00fcr sein Schaffen<\/h1>\t\t<\/div>\n\t\t\t\t<\/div>\n\t\t\t\t<div class=\"elementor-element elementor-element-62b5ff12 elementor-widget elementor-widget-heading\" data-id=\"62b5ff12\" data-element_type=\"widget\" data-widget_type=\"heading.default\">\n\t\t\t\t<div class=\"elementor-widget-container\">\n\t\t\t<h4 class=\"elementor-heading-title elementor-size-default\">2016<\/h4>\t\t<\/div>\n\t\t\t\t<\/div>\n\t\t\t\t<div class=\"elementor-element elementor-element-1b470e5f elementor-widget elementor-widget-spacer\" data-id=\"1b470e5f\" data-element_type=\"widget\" data-widget_type=\"spacer.default\">\n\t\t\t\t<div class=\"elementor-widget-container\">\n\t\t\t\t\t<div class=\"elementor-spacer\">\n\t\t\t<div class=\"elementor-spacer-inner\"><\/div>\n\t\t<\/div>\n\t\t\t\t<\/div>\n\t\t\t\t<\/div>\n\t\t\t\t\t\t<\/div>\n\t\t\t\t\t<\/div>\n\t\t<\/div>\n\t\t\t\t\t\t\t\t<\/div>\n\t\t\t\t\t<\/div>\n\t\t<\/section>\n\t\t\t\t<section class=\"elementor-section elementor-top-section elementor-element elementor-element-6488ccab elementor-section-boxed elementor-section-height-default elementor-section-height-default\" data-id=\"6488ccab\" data-element_type=\"section\">\n\t\t\t\t\t\t<div class=\"elementor-container elementor-column-gap-default\">\n\t\t\t\t\t\t\t<div class=\"elementor-row\">\n\t\t\t\t\t<div class=\"elementor-column elementor-col-100 elementor-top-column elementor-element elementor-element-5a802e0b\" data-id=\"5a802e0b\" data-element_type=\"column\">\n\t\t\t<div class=\"elementor-column-wrap elementor-element-populated\">\n\t\t\t\t\t\t\t<div class=\"elementor-widget-wrap\">\n\t\t\t\t\t\t<div class=\"elementor-element elementor-element-4c49fd96 elementor-widget elementor-widget-text-editor\" data-id=\"4c49fd96\" data-element_type=\"widget\" data-widget_type=\"text-editor.default\">\n\t\t\t\t<div class=\"elementor-widget-container\">\n\t\t\t\t\t\t\t\t<div class=\"elementor-text-editor elementor-clearfix\">\n\t\t\t\t<p>Als ich zu Beginn der 60-er Jahre besonders viel graphisch arbeitete, habe ich unter anderem an fig\u00fcrliche Bl\u00e4tter mit j\u00fcdischer Thematik gezeichnet. In ihnen spiegeln sich die Erfahrungen meiner Kindheit, die verbunden sind mit meiner j\u00fcdischen Herkunft und mit dem Leben des ukrainischen j\u00fcdischen Schtetls der Kriegs- und Nachkriegsjahre.<\/p><p><br \/>An einem bestimmten Punkt kam wie von selbst die Frage auf: K\u00f6nnte das Ziel darin bestehen, dieses Leiden darzustellen in seiner von allem Illustrativen gel\u00e4uterten Form \u2013 befreit von den konkreten Eigenheiten des Ortes, der Zeit, der Nationalit\u00e4t und der Psychologie? Ein plastisch inkorporiertes Leiden, ein Leiden ohne &#171;Abbildhaftigkeit&#187;.<\/p><p><br \/>Innerhalb von 50 Jahren Arbeit bin ich zu der \u00dcberzeugung gelangt, dass eine graphische oder malerische Komposition viel mehr Leid und Gram in sich zu tragen und allumfassend, ja, global zu werden vermag, wenn sie nicht an das Konkrete gebunden bleibt. Doch namentlich dem Konkreten (in meinem Falle ist dies eben das Judentum mit all seinen Verwicklungen) bin ich daf\u00fcr dankbar, dass es mich erst gelehrt hat, das Dasein, Geist, Chaos und Harmonie zu verstehen und angemessen darzustellen.<\/p><p><br \/>Daher trifft sich alles, was ich jemals geschaffen habe \u2013 ob &#171;V\u00f6gel&#187;, &#171;Engel&#187;, &#171;Figuren&#187; oder &#171;T\u00fcrme&#187; \u2013, an einem Fluchtpunkt. Dieser Fluchtpunkt ist mein Judentum.<\/p>\t\t\t\t\t<\/div>\n\t\t\t\t\t\t<\/div>\n\t\t\t\t<\/div>\n\t\t\t\t\t\t<\/div>\n\t\t\t\t\t<\/div>\n\t\t<\/div>\n\t\t\t\t\t\t\t\t<\/div>\n\t\t\t\t\t<\/div>\n\t\t<\/section>\n\t\t\t\t<section class=\"elementor-section elementor-top-section elementor-element elementor-element-3d8cef5b elementor-section-boxed elementor-section-height-default elementor-section-height-default\" data-id=\"3d8cef5b\" data-element_type=\"section\">\n\t\t\t\t\t\t<div class=\"elementor-container elementor-column-gap-default\">\n\t\t\t\t\t\t\t<div class=\"elementor-row\">\n\t\t\t\t\t<div class=\"elementor-column elementor-col-100 elementor-top-column elementor-element elementor-element-3f6e1148\" data-id=\"3f6e1148\" data-element_type=\"column\">\n\t\t\t<div class=\"elementor-column-wrap elementor-element-populated\">\n\t\t\t\t\t\t\t<div class=\"elementor-widget-wrap\">\n\t\t\t\t\t\t<div class=\"elementor-element elementor-element-2dc0548a elementor-widget elementor-widget-image\" data-id=\"2dc0548a\" data-element_type=\"widget\" data-widget_type=\"image.default\">\n\t\t\t\t<div class=\"elementor-widget-container\">\n\t\t\t\t\t\t\t\t<div class=\"elementor-image\">\n\t\t\t\t\t\t\t\t\t\t\t\t<img decoding=\"async\" src=\"http:\/\/art.estis.de\/wp-content\/uploads\/elementor\/thumbs\/Judentum-owyl7wp3r3yepp57yq1y40c9701q2ywppg91d4gmww.jpg\" title=\"helles_judentum_1999_tempera_on_paper\" alt=\"helles_judentum_1999_tempera_on_paper\" loading=\"lazy\" \/>\t\t\t\t\t\t\t\t\t\t\t\t\t\t<\/div>\n\t\t\t\t\t\t<\/div>\n\t\t\t\t<\/div>\n\t\t\t\t\t\t<\/div>\n\t\t\t\t\t<\/div>\n\t\t<\/div>\n\t\t\t\t\t\t\t\t<\/div>\n\t\t\t\t\t<\/div>\n\t\t<\/section>\n\t\t\t\t<section class=\"elementor-section elementor-top-section elementor-element elementor-element-31b00158 elementor-section-boxed elementor-section-height-default elementor-section-height-default\" data-id=\"31b00158\" data-element_type=\"section\">\n\t\t\t\t\t\t<div class=\"elementor-container elementor-column-gap-default\">\n\t\t\t\t\t\t\t<div class=\"elementor-row\">\n\t\t\t\t\t<div class=\"elementor-column elementor-col-100 elementor-top-column elementor-element elementor-element-73ea6852\" data-id=\"73ea6852\" data-element_type=\"column\">\n\t\t\t<div class=\"elementor-column-wrap elementor-element-populated\">\n\t\t\t\t\t\t\t<div class=\"elementor-widget-wrap\">\n\t\t\t\t\t\t<div class=\"elementor-element elementor-element-17e22649 elementor-widget elementor-widget-text-editor\" data-id=\"17e22649\" data-element_type=\"widget\" data-widget_type=\"text-editor.default\">\n\t\t\t\t<div class=\"elementor-widget-container\">\n\t\t\t\t\t\t\t\t<div class=\"elementor-text-editor elementor-clearfix\">\n\t\t\t\t<p style=\"text-align: center;\">Nikolai Estis, <em>Helles Judentum: Sie setzten meine Mutter bei<\/em>, 1999, Tempera auf Papier<\/p>\t\t\t\t\t<\/div>\n\t\t\t\t\t\t<\/div>\n\t\t\t\t<\/div>\n\t\t\t\t\t\t<\/div>\n\t\t\t\t\t<\/div>\n\t\t<\/div>\n\t\t\t\t\t\t\t\t<\/div>\n\t\t\t\t\t<\/div>\n\t\t<\/section>\n\t\t\t\t<section class=\"elementor-section elementor-top-section elementor-element elementor-element-4d06f1e2 elementor-section-full_width elementor-section-height-default elementor-section-height-default\" data-id=\"4d06f1e2\" data-element_type=\"section\" data-settings=\"{&quot;background_background&quot;:&quot;classic&quot;}\">\n\t\t\t\t\t\t<div class=\"elementor-container elementor-column-gap-default\">\n\t\t\t\t\t\t\t<div class=\"elementor-row\">\n\t\t\t\t\t<div class=\"elementor-column elementor-col-100 elementor-top-column elementor-element elementor-element-4afd3809\" data-id=\"4afd3809\" data-element_type=\"column\">\n\t\t\t<div class=\"elementor-column-wrap elementor-element-populated\">\n\t\t\t\t\t\t\t<div class=\"elementor-widget-wrap\">\n\t\t\t\t\t\t<div class=\"elementor-element elementor-element-5fe68a61 e-grid-align-tablet-center e-grid-align-mobile-center elementor-shape-rounded elementor-grid-0 e-grid-align-center elementor-widget elementor-widget-social-icons\" data-id=\"5fe68a61\" data-element_type=\"widget\" data-settings=\"{&quot;_animation&quot;:&quot;none&quot;}\" data-widget_type=\"social-icons.default\">\n\t\t\t\t<div class=\"elementor-widget-container\">\n\t\t\t\t\t<div class=\"elementor-social-icons-wrapper elementor-grid\">\n\t\t\t\t\t\t\t<span class=\"elementor-grid-item\">\n\t\t\t\t\t<a class=\"elementor-icon elementor-social-icon elementor-social-icon-instagram elementor-animation-shrink elementor-repeater-item-70d7574\" target=\"_blank\">\n\t\t\t\t\t\t<span class=\"elementor-screen-only\">Instagram<\/span>\n\t\t\t\t\t\t<i class=\"fab fa-instagram\"><\/i>\t\t\t\t\t<\/a>\n\t\t\t\t<\/span>\n\t\t\t\t\t\t\t<span class=\"elementor-grid-item\">\n\t\t\t\t\t<a class=\"elementor-icon elementor-social-icon elementor-social-icon-facebook-f elementor-animation-shrink elementor-repeater-item-0e1a14e\" target=\"_blank\">\n\t\t\t\t\t\t<span class=\"elementor-screen-only\">Facebook-f<\/span>\n\t\t\t\t\t\t<i class=\"fab fa-facebook-f\"><\/i>\t\t\t\t\t<\/a>\n\t\t\t\t<\/span>\n\t\t\t\t\t\t\t<span class=\"elementor-grid-item\">\n\t\t\t\t\t<a class=\"elementor-icon elementor-social-icon elementor-social-icon-youtube elementor-animation-shrink elementor-repeater-item-db43a48\" href=\"https:\/\/www.youtube.com\/playlist?list=PLdTqVE1jP8uH6uaaRY1Z4ACYya_UCm3f0\" target=\"_blank\">\n\t\t\t\t\t\t<span class=\"elementor-screen-only\">Youtube<\/span>\n\t\t\t\t\t\t<i class=\"fab fa-youtube\"><\/i>\t\t\t\t\t<\/a>\n\t\t\t\t<\/span>\n\t\t\t\t\t<\/div>\n\t\t\t\t<\/div>\n\t\t\t\t<\/div>\n\t\t\t\t\t\t<\/div>\n\t\t\t\t\t<\/div>\n\t\t<\/div>\n\t\t\t\t\t\t\t\t<\/div>\n\t\t\t\t\t<\/div>\n\t\t<\/section>\n\t\t\t\t<section class=\"elementor-section elementor-top-section elementor-element elementor-element-6d1ec33f elementor-section-boxed elementor-section-height-default elementor-section-height-default\" data-id=\"6d1ec33f\" data-element_type=\"section\">\n\t\t\t\t\t\t<div class=\"elementor-container elementor-column-gap-default\">\n\t\t\t\t\t\t\t<div class=\"elementor-row\">\n\t\t\t\t\t<div class=\"elementor-column elementor-col-100 elementor-top-column elementor-element elementor-element-f0e2d96\" data-id=\"f0e2d96\" data-element_type=\"column\">\n\t\t\t<div class=\"elementor-column-wrap elementor-element-populated\">\n\t\t\t\t\t\t\t<div class=\"elementor-widget-wrap\">\n\t\t\t\t\t\t<div class=\"elementor-element elementor-element-6127bb elementor-widget elementor-widget-text-editor\" data-id=\"6127bb\" data-element_type=\"widget\" data-widget_type=\"text-editor.default\">\n\t\t\t\t<div class=\"elementor-widget-container\">\n\t\t\t\t\t\t\t\t<div class=\"elementor-text-editor elementor-clearfix\">\n\t\t\t\t<p>\u00a9 2021 Studio Nikolai Estis<br \/><a href=\"http:\/\/art.estis.de\/impressum-datenschutz\/\">Impressum\u00a0&amp;\u00a0Datenschutz<\/a><\/p>\t\t\t\t\t<\/div>\n\t\t\t\t\t\t<\/div>\n\t\t\t\t<\/div>\n\t\t\t\t\t\t<\/div>\n\t\t\t\t\t<\/div>\n\t\t<\/div>\n\t\t\t\t\t\t\t\t<\/div>\n\t\t\t\t\t<\/div>\n\t\t<\/section>\n\t\t\t\t\t\t\t\t\t<\/div>\n\t\t\t<\/div>\n\t\t\t\t\t<\/div>\n\t\t","protected":false},"excerpt":{"rendered":"<p>Nikolai Estis Zur Bedeutung des Judentums f\u00fcr sein Schaffen 2016 Als ich zu Beginn der 60-er Jahre besonders viel graphisch arbeitete, habe ich unter anderem an fig\u00fcrliche Bl\u00e4tter mit j\u00fcdischer Thematik gezeichnet. In ihnen spiegeln sich die Erfahrungen meiner Kindheit, die verbunden sind mit meiner j\u00fcdischen Herkunft und mit dem Leben des ukrainischen j\u00fcdischen Schtetls [&hellip;]<\/p>\n","protected":false},"author":1,"featured_media":0,"parent":21,"menu_order":0,"comment_status":"closed","ping_status":"closed","template":"","meta":[],"translation":{"provider":"WPGlobus","version":"2.12.0","language":"ru","enabled_languages":["en","es","de","fr","ru"],"languages":{"en":{"title":true,"content":true,"excerpt":false},"es":{"title":false,"content":false,"excerpt":false},"de":{"title":false,"content":false,"excerpt":false},"fr":{"title":false,"content":false,"excerpt":false},"ru":{"title":false,"content":false,"excerpt":false}}},"_links":{"self":[{"href":"http:\/\/art.estis.de\/ru\/wp-json\/wp\/v2\/pages\/2310"}],"collection":[{"href":"http:\/\/art.estis.de\/ru\/wp-json\/wp\/v2\/pages"}],"about":[{"href":"http:\/\/art.estis.de\/ru\/wp-json\/wp\/v2\/types\/page"}],"author":[{"embeddable":true,"href":"http:\/\/art.estis.de\/ru\/wp-json\/wp\/v2\/users\/1"}],"replies":[{"embeddable":true,"href":"http:\/\/art.estis.de\/ru\/wp-json\/wp\/v2\/comments?post=2310"}],"version-history":[{"count":7,"href":"http:\/\/art.estis.de\/ru\/wp-json\/wp\/v2\/pages\/2310\/revisions"}],"predecessor-version":[{"id":2616,"href":"http:\/\/art.estis.de\/ru\/wp-json\/wp\/v2\/pages\/2310\/revisions\/2616"}],"up":[{"embeddable":true,"href":"http:\/\/art.estis.de\/ru\/wp-json\/wp\/v2\/pages\/21"}],"wp:attachment":[{"href":"http:\/\/art.estis.de\/ru\/wp-json\/wp\/v2\/media?parent=2310"}],"curies":[{"name":"wp","href":"https:\/\/api.w.org\/{rel}","templated":true}]}}